{"id":528,"date":"2024-08-12T14:10:44","date_gmt":"2024-08-12T11:10:44","guid":{"rendered":"http:\/\/test.eksa.com.tr\/?page_id=528"},"modified":"2024-08-26T13:44:46","modified_gmt":"2024-08-26T10:44:46","slug":"exa-leon-15-pos-pc","status":"publish","type":"page","link":"https:\/\/exa.com.tr\/index.php\/exa-leon-15-pos-pc\/","title":{"rendered":"EXA LEON 15&#8221; POS PC"},"content":{"rendered":"\n<div aria-live=\"polite\" id=\"soliloquy-container-527\" class=\"soliloquy-container soliloquy-transition-fade  soliloquy-theme-base\" style=\"max-width:600px;max-height:500px;\"><ul id=\"soliloquy-527\" class=\"soliloquy-slider soliloquy-slides soliloquy-wrap soliloquy-clear\"><li aria-hidden=\"true\" class=\"soliloquy-item soliloquy-item-1 soliloquy-image-slide\" draggable=\"false\" style=\"list-style:none\"><img decoding=\"async\" id=\"soliloquy-image-128\" class=\"soliloquy-image soliloquy-image-1\" src=\"https:\/\/exa.com.tr\/wp-content\/uploads\/RH668-exa-pos-pc-600x500_c.jpg\" alt=\"RH668-exa-pos-pc\" \/><\/li><\/ul><\/div><noscript><style type=\"text\/css\">#soliloquy-container-527{opacity:1}<\/style><\/noscript>\n\n\n\n<h3 class=\"wp-block-heading\">EXA LEON 15&#8221; J1900 4GB 128GB SSD POS PC<\/h3>\n\n\n\n<p>Exa LEON uygun fiyat ve y\u00fcksek performans isteyenlerin se\u00e7imi. Sa\u011flam, dayanakl\u0131 kasa yap\u0131s\u0131 ile uzun y\u0131llar kullan\u0131m imkan\u0131. Exa LEON \u00fc\u00e7 farkl\u0131 i\u015flemci modeli sunmaktad\u0131r; J1900 ( 14128 modeli) , core i3 (34128 modeli) core i5 (54128 modeli)<\/p>\n\n\n\n<div id=\"teknik\" class=\"tab-pane fade active in\">\n                                <h3>Teknik \u00d6zellikler<\/h3>\n                                <table width=\"100%\" border=\"0\">\n  <tbody><tr style=\"background-color: #F2F2F2\">\n    <td style=\"font-size:14px; font-weight:bold\">Disk Kapasitesi:<\/td>\n    <td style=\"text-align:left; font-size:14px;\">128 GB SSD<\/td>\n  <\/tr>\n  <tr>\n    <td style=\"font-size:14px; font-weight:bold\">Dokunmatik Ekran:<\/td>\n    <td style=\"text-align:left; font-size:14px;\">Multi Touch<\/td>\n  <\/tr>\n  <tr style=\"background-color: #F2F2F2\">\n    <td style=\"font-size:14px; font-weight:bold\">Ekran Boyutu:<\/td>\n    <td style=\"text-align:left; font-size:14px;\">15&#8243;<\/td>\n  <\/tr>\n  <tr>\n    <td style=\"font-size:14px; font-weight:bold\">Ekran Kart\u0131 Belle\u011fi:<\/td>\n    <td style=\"text-align:left; font-size:14px;\">Payla\u015f\u0131ml\u0131<\/td>\n  <\/tr>\n  <tr style=\"background-color: #F2F2F2\">\n    <td style=\"font-size:14px; font-weight:bold\">\u0130\u015flemci Tipi:<\/td>\n    <td style=\"text-align:left; font-size:14px;\">Celeron J1900 &#8211; i3 (4010) ve i5 (4200)<\/td>\n  <\/tr>\n  <tr>\n    <td style=\"font-size:14px; font-weight:bold\">Sistem Belle\u011fi:<\/td>\n    <td style=\"text-align:left; font-size:14px;\">4 GB<\/td>\n  <\/tr>\n  <tr style=\"background-color: #F2F2F2\">\n    <td style=\"font-size:14px; font-weight:bold\">Cache Belle\u011fi:<\/td>\n    <td style=\"text-align:left; font-size:14px;\">2 MB<\/td>\n  <\/tr>\n  <tr>\n    <td style=\"font-size:14px; font-weight:bold\">Ekran Kart\u0131:<\/td>\n    <td style=\"text-align:left; font-size:14px;\">Payla\u015f\u0131ml\u0131<\/td>\n  <\/tr>\n  <tr style=\"background-color: #F2F2F2\">\n    <td style=\"font-size:14px; font-weight:bold\">\u0130\u015flemci:<\/td>\n    <td style=\"text-align:left; font-size:14px;\">2.01 GHz &#8211; 2.5 GHz<\/td>\n  <\/tr>\n  <tr>\n    <td style=\"font-size:14px; font-weight:bold\">\u0130\u015flemci \u00dcreticisi:<\/td>\n    <td style=\"text-align:left; font-size:14px;\">Intel<\/td>\n  <\/tr>\n  <tr style=\"background-color: #F2F2F2\">\n    <td style=\"font-size:14px; font-weight:bold\">Portlar:<\/td>\n    <td style=\"text-align:left; font-size:14px;\">1 x Kulakl\u0131k \u00c7\u0131k\u0131\u015f\u0131<\/td>\n  <\/tr>\n  <tr>\n    <td style=\"font-size:14px; font-weight:bold\">Portlar:<\/td>\n    <td style=\"text-align:left; font-size:14px;\">1 x Mikrofon Giri\u015fi<\/td>\n  <\/tr>\n  <tr style=\"background-color: #F2F2F2\">\n    <td style=\"font-size:14px; font-weight:bold\">Portlar:<\/td>\n    <td style=\"text-align:left; font-size:14px;\">1 x RJ-45 Ethernet<\/td>\n  <\/tr>\n  <tr>\n    <td style=\"font-size:14px; font-weight:bold\">Portlar:<\/td>\n    <td style=\"text-align:left; font-size:14px;\">2 x USB 3.0<\/td>\n  <\/tr>\n  <tr style=\"background-color: #F2F2F2\">\n    <td style=\"font-size:14px; font-weight:bold\">Portlar:<\/td>\n    <td style=\"text-align:left; font-size:14px;\">4 x USB 2.0<\/td>\n  <\/tr>\n  <tr>\n    <td style=\"font-size:14px; font-weight:bold\">Portlar:<\/td>\n    <td style=\"text-align:left; font-size:14px;\">1 x Seri Port (RS232)<\/td>\n  <\/tr>\n  <tr style=\"background-color: #F2F2F2\">\n    <td style=\"font-size:14px; font-weight:bold\">Portlar:<\/td>\n    <td style=\"text-align:left; font-size:14px;\">1 x VGA<\/td>\n  <\/tr>\n  <tr>\n    <td style=\"font-size:14px; font-weight:bold\">Portlar:<\/td>\n    <td style=\"text-align:left; font-size:14px;\">1 x Printer Portu<\/td>\n  <\/tr>\n  <tr style=\"background-color: #F2F2F2\">\n    <td style=\"font-size:14px; font-weight:bold\">Vga Marka:<\/td>\n    <td style=\"text-align:left; font-size:14px;\">Intel<\/td>\n  <\/tr>\n<\/tbody><\/table>\n                            <\/div>\n\n\n\n<div class=\"wp-block-buttons is-layout-flex wp-block-buttons-is-layout-flex\">\n<div class=\"wp-block-button\"><a class=\"wp-block-button__link has-accent-3-background-color has-background wp-element-button\" href=\"\/index.php\/suruculer\/#pospc\">S\u00fcr\u00fcc\u00fcler<\/a><\/div>\n<\/div>\n","protected":false},"excerpt":{"rendered":"<p>EXA LEON 15&#8221; J1900 4GB 128GB SSD POS PC Exa LEON uygun fiyat ve y\u00fcksek performans isteyenlerin se\u00e7imi. Sa\u011flam, dayanakl\u0131 kasa yap\u0131s\u0131 ile uzun y\u0131llar kullan\u0131m imkan\u0131. Exa LEON \u00fc\u00e7 farkl\u0131 i\u015flemci modeli sunmaktad\u0131r; J1900 ( 14128 modeli) , core i3 (34128 modeli) core i5 (54128 modeli) Teknik \u00d6zellikler Disk Kapasitesi: 128 GB SSD Dokunmatik [&hellip;]<\/p>\n","protected":false},"author":1,"featured_media":0,"parent":0,"menu_order":0,"comment_status":"closed","ping_status":"closed","template":"","meta":{"footnotes":""},"class_list":["post-528","page","type-page","status-publish","hentry"],"_links":{"self":[{"href":"https:\/\/exa.com.tr\/index.php\/wp-json\/wp\/v2\/pages\/528","targetHints":{"allow":["GET"]}}],"collection":[{"href":"https:\/\/exa.com.tr\/index.php\/wp-json\/wp\/v2\/pages"}],"about":[{"href":"https:\/\/exa.com.tr\/index.php\/wp-json\/wp\/v2\/types\/page"}],"author":[{"embeddable":true,"href":"https:\/\/exa.com.tr\/index.php\/wp-json\/wp\/v2\/users\/1"}],"replies":[{"embeddable":true,"href":"https:\/\/exa.com.tr\/index.php\/wp-json\/wp\/v2\/comments?post=528"}],"version-history":[{"count":3,"href":"https:\/\/exa.com.tr\/index.php\/wp-json\/wp\/v2\/pages\/528\/revisions"}],"predecessor-version":[{"id":845,"href":"https:\/\/exa.com.tr\/index.php\/wp-json\/wp\/v2\/pages\/528\/revisions\/845"}],"wp:attachment":[{"href":"https:\/\/exa.com.tr\/index.php\/wp-json\/wp\/v2\/media?parent=528"}],"curies":[{"name":"wp","href":"https:\/\/api.w.org\/{rel}","templated":true}]}}