{"id":524,"date":"2024-08-12T14:09:04","date_gmt":"2024-08-12T11:09:04","guid":{"rendered":"http:\/\/test.eksa.com.tr\/?page_id=524"},"modified":"2024-08-26T13:44:01","modified_gmt":"2024-08-26T10:44:01","slug":"exa-libra-156-cift-ekran-pos-pc","status":"publish","type":"page","link":"https:\/\/exa.com.tr\/index.php\/exa-libra-156-cift-ekran-pos-pc\/","title":{"rendered":"EXA LIBRA 15,6&#8221; \u00c7ift Ekran POS PC"},"content":{"rendered":"\n<div aria-live=\"polite\" id=\"soliloquy-container-523\" class=\"soliloquy-container soliloquy-transition-fade  soliloquy-theme-base\" style=\"max-width:600px;max-height:500px;\"><ul id=\"soliloquy-523\" class=\"soliloquy-slider soliloquy-slides soliloquy-wrap soliloquy-clear\"><li aria-hidden=\"true\" class=\"soliloquy-item soliloquy-item-1 soliloquy-image-slide\" draggable=\"false\" style=\"list-style:none\"><img decoding=\"async\" id=\"soliloquy-image-127\" class=\"soliloquy-image soliloquy-image-1\" src=\"https:\/\/exa.com.tr\/wp-content\/uploads\/RH618D-exa-pos-pc-600x500_c.jpg\" alt=\"RH618D-exa-pos-pc\" \/><\/li><\/ul><\/div><noscript><style type=\"text\/css\">#soliloquy-container-523{opacity:1}<\/style><\/noscript>\n\n\n\n<h3 class=\"wp-block-heading\">EXA LIBRA 15,6&#8243; J1900 4GB 128GB SSD \u00c7ift Ekran POS Pc<\/h3>\n\n\n\n<p>Exa LIBRA daha iyi hassasiyet deneyimi i\u00e7in tasarlanm\u0131\u015f dokunmatik ekran\u0131 ve zengin giri\u015f\/\u00e7\u0131k\u0131\u015f arabirimleri ile g\u00fc\u00e7l\u00fc ve modern bir POS PC deneyimi sunmaktad\u0131r. 1920 X 1080p \u00e7\u00f6z\u00fcn\u00fcrl\u00fc\u011fe sahip 15,6&#8243; (D15 MODEL\u0130) 11,2&#8243; (D11 modeli) ekran boyutlar\u0131na ve 128GB SSD depolama alan\u0131na sahiptir.<\/p>\n\n\n\n<p>Dokunmatik\/1920X 1080p \/ 1. Ekran 15,6\u201d dokunmatik \/ 2. Ekran 15,6&#8243; (D15 MODEL\u0130), 11,2\u201d (D11 MODEL\u0130)<\/p>\n\n\n\n<div id=\"teknik\" class=\"tab-pane fade active in\">\n                                <h3>Teknik \u00d6zellikler<\/h3>\n                               \n                               \n                                <table width=\"100%\" border=\"0\">\n  <tbody><tr style=\"background-color: #F2F2F2\">\n    <td style=\"font-size:14px; font-weight:bold\">Disk Kapasitesi:<\/td>\n    <td style=\"text-align:left; font-size:14px;\">128 GB SSD<\/td>\n  <\/tr>\n  <tr>\n    <td style=\"font-size:14px; font-weight:bold\">Dokunmatik Ekran:<\/td>\n    <td style=\"text-align:left; font-size:14px;\">Multi Touch<\/td>\n  <\/tr>\n  <tr style=\"background-color: #F2F2F2\">\n    <td style=\"font-size:14px; font-weight:bold\">1. Ekran:<\/td>\n    <td style=\"text-align:left; font-size:14px;\">15,6&#8243; Dokunmatik<\/td>\n    <\/tr><tr>\n    <td style=\"font-size:14px; font-weight:bold\">2. Ekran:<\/td>\n    <td style=\"text-align:left; font-size:14px;\">15,6\u201d (D15 Modeli) 11\u201d (D11 Modeli)<\/td>\n  <\/tr>\n  <tr style=\"background-color: #F2F2F2\">\n    <td style=\"font-size:14px; font-weight:bold\">Ekran Kart\u0131 Belle\u011fi:<\/td>\n    <td style=\"text-align:left; font-size:14px;\">Payla\u015f\u0131ml\u0131<\/td>\n  <\/tr>\n  <tr>\n    <td style=\"font-size:14px; font-weight:bold\">\u0130\u015flemci Tipi:<\/td>\n    <td style=\"text-align:left; font-size:14px;\">Celeron J1900<\/td>\n  <\/tr>\n  <tr style=\"background-color: #F2F2F2\">\n    <td style=\"font-size:14px; font-weight:bold\">Sistem Belle\u011fi:<\/td>\n    <td style=\"text-align:left; font-size:14px;\">4 GB<\/td>\n  <\/tr>\n  <tr>\n    <td style=\"font-size:14px; font-weight:bold\">Cache Belle\u011fi:<\/td>\n    <td style=\"text-align:left; font-size:14px;\">2 MB<\/td>\n  <\/tr>\n  <tr style=\"background-color: #F2F2F2\">\n    <td style=\"font-size:14px; font-weight:bold\">Ekran Kart\u0131:<\/td>\n    <td style=\"text-align:left; font-size:14px;\">Payla\u015f\u0131ml\u0131<\/td>\n  <\/tr>\n  <tr>\n    <td style=\"font-size:14px; font-weight:bold\">\u0130\u015flemci:<\/td>\n    <td style=\"text-align:left; font-size:14px;\">2.01 GHz &#8211; 2.5 GHz<\/td>\n  <\/tr>\n  <tr style=\"background-color: #F2F2F2\">\n    <td style=\"font-size:14px; font-weight:bold\">\u0130\u015flemci \u00dcreticisi:<\/td>\n    <td style=\"text-align:left; font-size:14px;\">Intel<\/td>\n  <\/tr>\n  <tr>\n    <td style=\"font-size:14px; font-weight:bold\">Portlar:<\/td>\n    <td style=\"text-align:left; font-size:14px;\">1 x Seri Port (RS232)<\/td>\n  <\/tr>\n  <tr style=\"background-color: #F2F2F2\">\n    <td style=\"font-size:14px; font-weight:bold\">Portlar:<\/td>\n    <td style=\"text-align:left; font-size:14px;\">1 x Printer Portu<\/td>\n  <\/tr>\n  <tr>\n    <td style=\"font-size:14px; font-weight:bold\">Portlar:<\/td>\n    <td style=\"text-align:left; font-size:14px;\">1 x VGA<\/td>\n  <\/tr>\n  <tr style=\"background-color: #F2F2F2\">\n    <td style=\"font-size:14px; font-weight:bold\">Portlar:<\/td>\n    <td style=\"text-align:left; font-size:14px;\">1 x Kulakl\u0131k \u00c7\u0131k\u0131\u015f\u0131<\/td>\n  <\/tr>\n  <tr>\n    <td style=\"font-size:14px; font-weight:bold\">Portlar:<\/td>\n    <td style=\"text-align:left; font-size:14px;\">1 x Mikrofon Giri\u015fi<\/td>\n  <\/tr>\n  <tr style=\"background-color: #F2F2F2\">\n    <td style=\"font-size:14px; font-weight:bold\">Portlar:<\/td>\n    <td style=\"text-align:left; font-size:14px;\">1 x RJ-45 Ethernet<\/td>\n  <\/tr>\n  <tr>\n    <td style=\"font-size:14px; font-weight:bold\">Portlar:<\/td>\n    <td style=\"text-align:left; font-size:14px;\">2 x USB 3.0<\/td>\n  <\/tr>\n  <tr style=\"background-color: #F2F2F2\">\n    <td style=\"font-size:14px; font-weight:bold\">Portlar:<\/td>\n    <td style=\"text-align:left; font-size:14px;\">2 x USB 2.0<\/td>\n  <\/tr>\n  <tr>\n    <td style=\"font-size:14px; font-weight:bold\">Vga Marka:<\/td>\n    <td style=\"text-align:left; font-size:14px;\">Intel<\/td>\n  <\/tr>\n<\/tbody><\/table>\n\n                            <\/div>\n\n\n\n<div class=\"wp-block-buttons is-layout-flex wp-block-buttons-is-layout-flex\">\n<div class=\"wp-block-button\"><a class=\"wp-block-button__link has-accent-3-background-color has-background wp-element-button\" href=\"\/index.php\/suruculer\/#pospc\">S\u00fcr\u00fcc\u00fcler<\/a><\/div>\n<\/div>\n","protected":false},"excerpt":{"rendered":"<p>EXA LIBRA 15,6&#8243; J1900 4GB 128GB SSD \u00c7ift Ekran POS Pc Exa LIBRA daha iyi hassasiyet deneyimi i\u00e7in tasarlanm\u0131\u015f dokunmatik ekran\u0131 ve zengin giri\u015f\/\u00e7\u0131k\u0131\u015f arabirimleri ile g\u00fc\u00e7l\u00fc ve modern bir POS PC deneyimi sunmaktad\u0131r. 1920 X 1080p \u00e7\u00f6z\u00fcn\u00fcrl\u00fc\u011fe sahip 15,6&#8243; (D15 MODEL\u0130) 11,2&#8243; (D11 modeli) ekran boyutlar\u0131na ve 128GB SSD depolama alan\u0131na sahiptir. Dokunmatik\/1920X 1080p [&hellip;]<\/p>\n","protected":false},"author":1,"featured_media":0,"parent":0,"menu_order":0,"comment_status":"closed","ping_status":"closed","template":"","meta":{"footnotes":""},"class_list":["post-524","page","type-page","status-publish","hentry"],"_links":{"self":[{"href":"https:\/\/exa.com.tr\/index.php\/wp-json\/wp\/v2\/pages\/524","targetHints":{"allow":["GET"]}}],"collection":[{"href":"https:\/\/exa.com.tr\/index.php\/wp-json\/wp\/v2\/pages"}],"about":[{"href":"https:\/\/exa.com.tr\/index.php\/wp-json\/wp\/v2\/types\/page"}],"author":[{"embeddable":true,"href":"https:\/\/exa.com.tr\/index.php\/wp-json\/wp\/v2\/users\/1"}],"replies":[{"embeddable":true,"href":"https:\/\/exa.com.tr\/index.php\/wp-json\/wp\/v2\/comments?post=524"}],"version-history":[{"count":3,"href":"https:\/\/exa.com.tr\/index.php\/wp-json\/wp\/v2\/pages\/524\/revisions"}],"predecessor-version":[{"id":844,"href":"https:\/\/exa.com.tr\/index.php\/wp-json\/wp\/v2\/pages\/524\/revisions\/844"}],"wp:attachment":[{"href":"https:\/\/exa.com.tr\/index.php\/wp-json\/wp\/v2\/media?parent=524"}],"curies":[{"name":"wp","href":"https:\/\/api.w.org\/{rel}","templated":true}]}}