{"id":494,"date":"2024-08-12T13:47:21","date_gmt":"2024-08-12T10:47:21","guid":{"rendered":"http:\/\/test.eksa.com.tr\/?page_id=494"},"modified":"2024-08-26T13:42:16","modified_gmt":"2024-08-26T10:42:16","slug":"exa-trend-15-6-notebook","status":"publish","type":"page","link":"https:\/\/exa.com.tr\/index.php\/exa-trend-15-6-notebook\/","title":{"rendered":"EXA TREND 15.6&#8243; Notebook"},"content":{"rendered":"\n<div aria-live=\"polite\" id=\"soliloquy-container-492\" class=\"soliloquy-container soliloquy-transition-fade  soliloquy-theme-base\" style=\"max-width:900px;max-height:400px;\"><ul id=\"soliloquy-492\" class=\"soliloquy-slider soliloquy-slides soliloquy-wrap soliloquy-clear\"><li aria-hidden=\"true\" class=\"soliloquy-item soliloquy-item-1 soliloquy-image-slide\" draggable=\"false\" style=\"list-style:none\"><img decoding=\"async\" id=\"soliloquy-image-493\" class=\"soliloquy-image soliloquy-image-1\" src=\"https:\/\/exa.com.tr\/wp-content\/uploads\/exa-trend-notebook-1-900x400_c.jpg\" alt=\"exa-trend-notebook\" \/><\/li><li aria-hidden=\"true\" class=\"soliloquy-item soliloquy-item-2 soliloquy-image-slide\" draggable=\"false\" style=\"list-style:none\"><img decoding=\"async\" id=\"soliloquy-image-554\" class=\"soliloquy-image soliloquy-image-2\" src=\"https:\/\/exa.com.tr\/wp-content\/uploads\/exa-trend-notebook_01-900x400_c.jpg\" alt=\"exa-trend-notebook_01\" \/><\/li><li aria-hidden=\"true\" class=\"soliloquy-item soliloquy-item-3 soliloquy-image-slide\" draggable=\"false\" style=\"list-style:none\"><img decoding=\"async\" id=\"soliloquy-image-555\" class=\"soliloquy-image soliloquy-image-3\" src=\"https:\/\/exa.com.tr\/wp-content\/uploads\/exa-trend-notebook_02-900x400_c.jpg\" alt=\"exa-trend-notebook_02\" \/><\/li><li aria-hidden=\"true\" class=\"soliloquy-item soliloquy-item-4 soliloquy-image-slide\" draggable=\"false\" style=\"list-style:none\"><img decoding=\"async\" id=\"soliloquy-image-556\" class=\"soliloquy-image soliloquy-image-4\" src=\"https:\/\/exa.com.tr\/wp-content\/uploads\/exa-trend-notebook_03-900x400_c.jpg\" alt=\"exa-trend-notebook_03\" \/><\/li><li aria-hidden=\"true\" class=\"soliloquy-item soliloquy-item-5 soliloquy-image-slide\" draggable=\"false\" style=\"list-style:none\"><img decoding=\"async\" id=\"soliloquy-image-557\" class=\"soliloquy-image soliloquy-image-5\" src=\"https:\/\/exa.com.tr\/wp-content\/uploads\/exa-trend-notebook_04-900x400_c.jpg\" alt=\"exa-trend-notebook_04\" \/><\/li><\/ul><\/div><noscript><style type=\"text\/css\">#soliloquy-container-492{opacity:1}<\/style><\/noscript>\n\n\n\n<figure class=\"wp-block-image size-large\"><img loading=\"lazy\" decoding=\"async\" width=\"1024\" height=\"481\" src=\"http:\/\/test.eksa.com.tr\/wp-content\/uploads\/trend-1024x481.png\" alt=\"\" class=\"wp-image-495\" srcset=\"https:\/\/exa.com.tr\/wp-content\/uploads\/trend-1024x481.png 1024w, https:\/\/exa.com.tr\/wp-content\/uploads\/trend-300x141.png 300w, https:\/\/exa.com.tr\/wp-content\/uploads\/trend-768x361.png 768w, https:\/\/exa.com.tr\/wp-content\/uploads\/trend.png 1072w\" sizes=\"auto, (max-width: 1024px) 100vw, 1024px\" \/><\/figure>\n\n\n\n<figure class=\"wp-block-image size-large\"><img loading=\"lazy\" decoding=\"async\" width=\"1024\" height=\"202\" src=\"http:\/\/test.eksa.com.tr\/wp-content\/uploads\/elite-notebook-mil-test-1024x202.png\" alt=\"\" class=\"wp-image-496\" srcset=\"https:\/\/exa.com.tr\/wp-content\/uploads\/elite-notebook-mil-test-1024x202.png 1024w, https:\/\/exa.com.tr\/wp-content\/uploads\/elite-notebook-mil-test-300x59.png 300w, https:\/\/exa.com.tr\/wp-content\/uploads\/elite-notebook-mil-test-768x152.png 768w, https:\/\/exa.com.tr\/wp-content\/uploads\/elite-notebook-mil-test.png 1039w\" sizes=\"auto, (max-width: 1024px) 100vw, 1024px\" \/><\/figure>\n\n\n\n<div id=\"teknik\" class=\"tab-pane fade active in\">\n                                <h3>Teknik \u00d6zellikler<\/h3>\n                                <table width=\"100%\" border=\"0\">\n  <tbody><tr style=\"background-color: #F2F2F2\">\n    <td style=\"font-size:14px;  font-weight:bold\">\u0130\u015flemci:<\/td>\n    <td style=\"text-align:left; font-size:14px;\">Intel\u00ae Core \u2122 i5-1035G1 i\u015flemci (10nm, 1.0GHz, DDR4 3200MHz, 6MB Ak\u0131ll\u0131 \u00d6nbellek, TDP: 15W)<br>Intel\u00ae Core \u2122 i3-1005G1 i\u015flemci (10nm, 1.2GHz, DDR4 3200MHz, 4MB Ak\u0131ll\u0131 \u00d6nbellek, TDP: 15W)<\/td>\n  <\/tr>\n  <tr>\n    <td style=\"font-size:14px; font-weight:bold\">Ekran (3Tx Serisi):<br>Ekran (5Tx Serisi):<\/td>\n    <td style=\"text-align:left; font-size:14px;\">15.6&#8243;(39.62cm) HD (1366&#215;768) Anti-Glare Ekran, 3.2mm<br>15.6&#8243;(39.62cm) FHD IPS (1920&#215;1080) Anti-Glare ekran, 3.2mm<\/td>\n  <\/tr>\n  <tr style=\"background-color: #F2F2F2\">\n    <td style=\"font-size:14px; font-weight:bold\">Bellek:<\/td>\n    <td style=\"text-align:left; font-size:14px;\">\u00c7ift Kanal DDR4<br>2 x 260 pins SODIMM soket, DDR4 2666MHz Destekler (Ger\u00e7ek \u00e7al\u0131\u015fma frekans\u0131 i\u015flemciye ba\u011fl\u0131d\u0131r)<br>32GB&#8217;a kadar art\u0131r\u0131labilir bellek, 4GB \/ 8GB \/ 16GB SODIMM Mod\u00fcl\u00fcne ba\u011fl\u0131d\u0131r.\n<\/td>\n  <\/tr>\n  <tr>\n    <td style=\"font-size:14px; font-weight:bold\">Grafik Denetleyici:<\/td>\n    <td style=\"text-align:left; font-size:14px;\">Intel\u00ae UHD Grafik Kart\u0131<br>Intel Dinamik Video Bellek Teknolojisi<br>Microsoft DirectX\u00ae 12 uyumlu<\/td>\n  <\/tr>\n  <tr style=\"background-color: #F2F2F2\">\n    <td style=\"font-size:14px; font-weight:bold\">Depolama:<\/td>\n    <td style=\"text-align:left; font-size:14px;\">1 x M.2 SSD 2280 SSD, SATA \/ PCIe Gen3x4 aray\u00fcz\u00fc<br>1 x 2.5&#8243; 7.00mm HDD\/SSD SATA aray\u00fcz\u00fc<\/td>\n  <\/tr>\n  <tr>\n    <td style=\"font-size:14px; font-weight:bold\">Ses:<\/td>\n    <td style=\"text-align:left; font-size:14px;\">2 Adet Dahili Hoparl\u00f6r<br>Dahili Mikrofon<\/td>\n  <\/tr>\n  <tr style=\"background-color: #F2F2F2\">\n    <td style=\"font-size:14px; font-weight:bold\">Klavye:<\/td>\n    <td style=\"text-align:left; font-size:14px;\">Standart Q T\u00fcrk\u00e7e Klavye (Ayd\u0131nlatmas\u0131z)<\/td>\n  <\/tr>  \n  <tr>\n    <td style=\"font-size:14px; font-weight:bold\">Ba\u011flant\u0131 Portlar\u0131:<\/td>\n    <td style=\"text-align:left; font-size:14px;\">1 x RJ-45 Ethernet<br>2 x USB 2.0<br>1 x USB 3.2<br>1 x USB Type-C<br>1 x HDMI<br>1 x VGA<br>1 x 2&#8217;si 1 arada Ses jak\u0131 (Kulakl\u0131k \/ Mikrofon)<\/td>\n  <\/tr>\n  <tr style=\"background-color: #F2F2F2\">\n    <td style=\"font-size:14px; font-weight:bold\">Kart Okuyucu:<\/td>\n    <td style=\"text-align:left; font-size:14px;\">1 x Secure Digital (SD)<\/td>\n  <\/tr> \n  <tr>\n    <td style=\"font-size:14px; font-weight:bold\">\u0130leti\u015fim:<\/td>\n    <td style=\"text-align:left; font-size:14px;\">Intel\u00ae \u00c7ift Bantl\u0131 Wireless &#8211; 9462 AC WLAN + BT 5.0<br>1.0M HD Video Kamera<\/td>\n  <\/tr>\n  <tr style=\"background-color: #F2F2F2\"> \n    <td style=\"font-size:14px; font-weight:bold\">G\u00fc\u00e7 Kayna\u011f\u0131:<\/td>\n    <td style=\"text-align:left; font-size:14px;\">Tam Aral\u0131kl\u0131 AC Adapt\u00f6r, AC 100 ~ 240V, 50 ~ 60Hz, DC \u00e7\u0131k\u0131\u015f 19V 2.37A, 45W<\/td>\n  <\/tr>\n  <tr>\n    <td style=\"font-size:14px; font-weight:bold\">Batarya (3Tx Serisi):<br>Batarya (5Tx Serisi):<\/td>\n    <td style=\"text-align:left; font-size:14px;\">\u00c7\u0131kar\u0131labilir 4 H\u00fccreli Ak\u0131ll\u0131 Lityum-\u0130yon Batarya (31WH)<br>\u00c7\u0131kar\u0131labilir 4 H\u00fccreli Ak\u0131ll\u0131 Lityum-\u0130yon Batarya (41WH)<\/td>\n  <\/tr>\n  <tr style=\"background-color: #F2F2F2\">\n    <td style=\"font-size:14px; font-weight:bold\">G\u00fcvenlik:<\/td>\n    <td style=\"text-align:left; font-size:14px;\">G\u00fcvenlik (Kensington\u00ae Tipi) Kilit Yuvas\u0131<\/td>\n  <\/tr>\n  <tr>\n    <td style=\"font-size:14px; font-weight:bold\">Di\u011fer \u00d6zellikler:<\/td>\n    <td style=\"text-align:left; font-size:14px;\">MIL-STD 810G<\/td>\n  <\/tr>\n  <tr style=\"background-color: #F2F2F2\">\n    <td style=\"font-size:14px; font-weight:bold\">\u0130\u015fletim Sistemi:<\/td>\n    <td style=\"text-align:left; font-size:14px;\">FreeDOS<\/td>\n  <\/tr>\n  <tr>\n    <td style=\"font-size:14px; font-weight:bold\">Sertifikalar:<\/td>\n    <td style=\"text-align:left; font-size:14px;\">Windows\u00ae 10 19H2 (64 bit) Logo<br>HDMI\u2122 Logo<\/td>\n  <\/tr>\n  <tr style=\"background-color: #F2F2F2\">\n    <td style=\"font-size:14px; font-weight:bold\">Boyutlar:<\/td>\n    <td style=\"text-align:left; font-size:14px;\">361mm(G) x 256mm (D) x 24,1mm (Y) (Y\u00fckseklik hari\u00e7 pil alan\u0131)<\/td>\n  <\/tr>\n  <tr>\n    <td style=\"font-size:14px; font-weight:bold\">A\u011f\u0131rl\u0131k:<\/td>\n    <td style=\"text-align:left; font-size:14px;\">2.0kg 31WH Batarya dahil (Bellek ve Harddisk yap\u0131land\u0131rmas\u0131na ba\u011fl\u0131 olarak de\u011fi\u015fiklik g\u00f6sterebilir)<\/td>\n  <\/tr>\n    \n<\/tbody><\/table>\n                            <\/div>\n\n\n\n<div class=\"wp-block-buttons is-layout-flex wp-block-buttons-is-layout-flex\">\n<div class=\"wp-block-button\"><a class=\"wp-block-button__link has-accent-3-background-color has-background wp-element-button\" href=\"\/index.php\/suruculer\/#notebook\">S\u00fcr\u00fcc\u00fcler<\/a><\/div>\n<\/div>\n","protected":false},"excerpt":{"rendered":"<p>Teknik \u00d6zellikler \u0130\u015flemci: Intel\u00ae Core \u2122 i5-1035G1 i\u015flemci (10nm, 1.0GHz, DDR4 3200MHz, 6MB Ak\u0131ll\u0131 \u00d6nbellek, TDP: 15W)Intel\u00ae Core \u2122 i3-1005G1 i\u015flemci (10nm, 1.2GHz, DDR4 3200MHz, 4MB Ak\u0131ll\u0131 \u00d6nbellek, TDP: 15W) Ekran (3Tx Serisi):Ekran (5Tx Serisi): 15.6&#8243;(39.62cm) HD (1366&#215;768) Anti-Glare Ekran, 3.2mm15.6&#8243;(39.62cm) FHD IPS (1920&#215;1080) Anti-Glare ekran, 3.2mm Bellek: \u00c7ift Kanal DDR42 x 260 pins SODIMM [&hellip;]<\/p>\n","protected":false},"author":1,"featured_media":0,"parent":0,"menu_order":0,"comment_status":"closed","ping_status":"closed","template":"","meta":{"footnotes":""},"class_list":["post-494","page","type-page","status-publish","hentry"],"_links":{"self":[{"href":"https:\/\/exa.com.tr\/index.php\/wp-json\/wp\/v2\/pages\/494","targetHints":{"allow":["GET"]}}],"collection":[{"href":"https:\/\/exa.com.tr\/index.php\/wp-json\/wp\/v2\/pages"}],"about":[{"href":"https:\/\/exa.com.tr\/index.php\/wp-json\/wp\/v2\/types\/page"}],"author":[{"embeddable":true,"href":"https:\/\/exa.com.tr\/index.php\/wp-json\/wp\/v2\/users\/1"}],"replies":[{"embeddable":true,"href":"https:\/\/exa.com.tr\/index.php\/wp-json\/wp\/v2\/comments?post=494"}],"version-history":[{"count":4,"href":"https:\/\/exa.com.tr\/index.php\/wp-json\/wp\/v2\/pages\/494\/revisions"}],"predecessor-version":[{"id":841,"href":"https:\/\/exa.com.tr\/index.php\/wp-json\/wp\/v2\/pages\/494\/revisions\/841"}],"wp:attachment":[{"href":"https:\/\/exa.com.tr\/index.php\/wp-json\/wp\/v2\/media?parent=494"}],"curies":[{"name":"wp","href":"https:\/\/api.w.org\/{rel}","templated":true}]}}