{"id":467,"date":"2024-08-12T13:30:56","date_gmt":"2024-08-12T10:30:56","guid":{"rendered":"http:\/\/test.eksa.com.tr\/?page_id=467"},"modified":"2024-08-26T13:37:05","modified_gmt":"2024-08-26T10:37:05","slug":"exa-h24b-h24s-238-aio-pc-beyaz-siyah","status":"publish","type":"page","link":"https:\/\/exa.com.tr\/index.php\/exa-h24b-h24s-238-aio-pc-beyaz-siyah\/","title":{"rendered":"EXA H24B\/H24S 23,8\u201d AIO PC (BEYAZ \/ S\u0130YAH)"},"content":{"rendered":"\n<figure class=\"wp-block-image size-full\"><img loading=\"lazy\" decoding=\"async\" width=\"500\" height=\"500\" src=\"http:\/\/test.eksa.com.tr\/wp-content\/uploads\/beyaz2.jpg\" alt=\"\" class=\"wp-image-291\" srcset=\"https:\/\/exa.com.tr\/wp-content\/uploads\/beyaz2.jpg 500w, https:\/\/exa.com.tr\/wp-content\/uploads\/beyaz2-300x300.jpg 300w, https:\/\/exa.com.tr\/wp-content\/uploads\/beyaz2-150x150.jpg 150w\" sizes=\"auto, (max-width: 500px) 100vw, 500px\" \/><\/figure>\n\n\n\n<p>Siyah rengi ile siyah severlere hitap eden H24S modeli, Beyaz rengi ile beyaz severlere hitap eden H24B modeli 23,8&#8243; FULL HD ekran\u0131 ve ince \u00e7er\u00e7evesi ile daha geni\u015f g\u00f6r\u00fc\u015f alan\u0131 sunar. Intel serisi i\u015flemciler ile ihtiya\u00e7 duydu\u011funuz performansa sahip olabilirsiniz.<\/p>\n\n\n\n<div id=\"teknik\" class=\"tab-pane fade active in\">\n                                 <h3>Teknik \u00d6zellikler<\/h3>\n                                 <table width=\"100%\" border=\"0\">\n  <tbody><tr style=\"background-color: #F2F2F2\">\n    <td style=\"font-size:14px; font-weight:bold\">\u00dcr\u00fcn Kodu:<\/td>\n    <td style=\"text-align:left; font-size:14px;\">H24B \/ H24S<\/td>\n  <\/tr>\n  <tr>\n    <td style=\"font-size:14px; font-weight:bold\">Renk:<\/td>\n    <td style=\"text-align:left; font-size:14px;\">Beyaz \/ Siyah<\/td>\n  <\/tr>\n  <tr style=\"background-color: #F2F2F2\">\n    <td style=\"font-size:14px; font-weight:bold\">LCD:<\/td>\n    <td style=\"text-align:left; font-size:14px;\">23,8&#8243; LED Slim Frame Design<\/td>\n  <\/tr>\n  <tr>\n    <td style=\"font-size:14px; font-weight:bold\">\u00c7\u00f6z\u00fcn\u00fcrl\u00fck:<\/td>\n    <td style=\"text-align:left; font-size:14px;\">1920 x 1080 FULL HD<\/td>\n  <\/tr>\n  <tr style=\"background-color: #F2F2F2\">\n    <td style=\"font-size:14px; font-weight:bold\">Parlama:<\/td>\n    <td style=\"text-align:left; font-size:14px;\">Parlamas\u0131z (non-Glare)<\/td>\n  <\/tr>\n  <tr>\n    <td style=\"font-size:14px; font-weight:bold\">Dokunmatik:<\/td>\n    <td style=\"text-align:left; font-size:14px;\">Yok<\/td>\n  <\/tr>\n  <tr style=\"background-color: #F2F2F2\">\n    <td style=\"font-size:14px; font-weight:bold\">\u0130\u015flemci:<\/td>\n    <td style=\"text-align:left; font-size:14px;\">10. ve 11. Nesil Intel\u00ae Celeron, Pentium, Corei3, Core i5, Core i7 deste\u011fi<\/td>\n  <\/tr>\n  <tr>\n    <td style=\"font-size:14px; font-weight:bold\">Bellek:<\/td>\n    <td style=\"text-align:left; font-size:14px;\">2 x DDR4 2666MHz SODIMM , max 32GB<\/td>\n  <\/tr>\n  <tr style=\"background-color: #F2F2F2\">\n    <td style=\"font-size:14px; font-weight:bold\">G\u00fc\u00e7:<\/td>\n    <td style=\"text-align:left; font-size:14px;\">19V \/ 6.3A  Adapt\u00f6r ile<\/td>\n  <\/tr>\n  <tr>\n    <td style=\"font-size:14px; font-weight:bold\">Wireless:<\/td>\n    <td style=\"text-align:left; font-size:14px;\">RTL8821CE m.2 2230 Wireless AC + Bluetooth 4.2<\/td>\n  <\/tr>\n  <tr style=\"background-color: #F2F2F2\">\n    <td style=\"font-size:14px; font-weight:bold\">Webcam:<\/td>\n    <td style=\"text-align:left; font-size:14px;\">2.0 mega pixels<\/td>\n  <\/tr>\n  <tr>\n    <td style=\"font-size:14px; font-weight:bold\">Optik S\u00fcr\u00fcc\u00fc:<\/td>\n    <td style=\"text-align:left; font-size:14px;\">Yok<\/td>\n  <\/tr>\n  <tr style=\"background-color: #F2F2F2\">\n    <td style=\"font-size:14px; font-weight:bold\">Klavye &amp; Mouse:<\/td>\n    <td style=\"text-align:left; font-size:14px;\">Yok<\/td>\n  <\/tr>\n  <tr>\n    <td style=\"font-size:14px; font-weight:bold\">Chipset:<\/td>\n    <td style=\"text-align:left; font-size:14px;\">Intel\u00ae&nbsp;H510 Express Chipset<\/td>\n  <\/tr>\n  <tr style=\"background-color: #F2F2F2\">\n    <td style=\"font-size:14px; font-weight:bold\">Geni\u015fleme:<\/td>\n    <td style=\"text-align:left; font-size:14px;\">1 x M.2 slot for SSD<br>\nFor 2280\/2260 (SATA\/PCIe Gen2) SSD<br>1 x M.2 slot for WiFi\/BT PCIe Gen 2<\/td>\n  <\/tr>\n  <tr>\n    <td style=\"font-size:14px; font-weight:bold\">Depolama:<\/td>\n    <td style=\"text-align:left; font-size:14px;\">1 x Serial ATAIII 6Gb\/s<\/td>\n  <\/tr>\n  <tr style=\"background-color: #F2F2F2\">\n    <td style=\"font-size:14px; font-weight:bold\">LAN:<\/td>\n    <td style=\"text-align:left; font-size:14px;\">Gigabit Ethernet Controller<\/td>\n  <\/tr>\n  <tr>\n    <td style=\"font-size:14px; font-weight:bold\">Ba\u011flant\u0131lar-Yan:<\/td>\n    <td style=\"text-align:left; font-size:14px;\">2 x USB 2.0 ,  G\u00fc\u00e7 D\u00fc\u011fmesi<\/td>\n  <\/tr>\n  <tr style=\"background-color: #F2F2F2\">\n    <td style=\"font-size:14px; font-weight:bold\">Ba\u011flant\u0131lar:<\/td>\n    <td style=\"text-align:left; font-size:14px;\">2 x USB 3.0, 2 X USB 2.0, Audio-out, Mic-in, 1 x RJ45, 1 x HDMI, 1 x Seri Port<\/td>\n  <\/tr>\n  <tr>\n    <td style=\"font-size:14px; font-weight:bold\">\u0130\u015fletim Sistemi Deste\u011fi:<\/td>\n    <td style=\"text-align:left; font-size:14px;\">Windows 10 64-bit<\/td>\n  <\/tr>\n  <tr style=\"background-color: #F2F2F2\">\n    <td style=\"font-size:14px; font-weight:bold\">Hoparl\u00f6r:<\/td>\n    <td style=\"text-align:left; font-size:14px;\">2x 8\u03a9-3W<\/td>\n  <\/tr>\n  \n<\/tbody><\/table>\n                            <\/div>\n\n\n\n<div class=\"wp-block-buttons is-layout-flex wp-block-buttons-is-layout-flex\">\n<div class=\"wp-block-button\"><a class=\"wp-block-button__link has-accent-3-background-color has-background wp-element-button\" href=\"\/index.php\/suruculer\/#AIOPC\">S\u00fcr\u00fcc\u00fcler<\/a><\/div>\n<\/div>\n","protected":false},"excerpt":{"rendered":"<p>Siyah rengi ile siyah severlere hitap eden H24S modeli, Beyaz rengi ile beyaz severlere hitap eden H24B modeli 23,8&#8243; FULL HD ekran\u0131 ve ince \u00e7er\u00e7evesi ile daha geni\u015f g\u00f6r\u00fc\u015f alan\u0131 sunar. Intel serisi i\u015flemciler ile ihtiya\u00e7 duydu\u011funuz performansa sahip olabilirsiniz. Teknik \u00d6zellikler \u00dcr\u00fcn Kodu: H24B \/ H24S Renk: Beyaz \/ Siyah LCD: 23,8&#8243; LED Slim [&hellip;]<\/p>\n","protected":false},"author":1,"featured_media":0,"parent":0,"menu_order":0,"comment_status":"closed","ping_status":"closed","template":"","meta":{"footnotes":""},"class_list":["post-467","page","type-page","status-publish","hentry"],"_links":{"self":[{"href":"https:\/\/exa.com.tr\/index.php\/wp-json\/wp\/v2\/pages\/467","targetHints":{"allow":["GET"]}}],"collection":[{"href":"https:\/\/exa.com.tr\/index.php\/wp-json\/wp\/v2\/pages"}],"about":[{"href":"https:\/\/exa.com.tr\/index.php\/wp-json\/wp\/v2\/types\/page"}],"author":[{"embeddable":true,"href":"https:\/\/exa.com.tr\/index.php\/wp-json\/wp\/v2\/users\/1"}],"replies":[{"embeddable":true,"href":"https:\/\/exa.com.tr\/index.php\/wp-json\/wp\/v2\/comments?post=467"}],"version-history":[{"count":4,"href":"https:\/\/exa.com.tr\/index.php\/wp-json\/wp\/v2\/pages\/467\/revisions"}],"predecessor-version":[{"id":835,"href":"https:\/\/exa.com.tr\/index.php\/wp-json\/wp\/v2\/pages\/467\/revisions\/835"}],"wp:attachment":[{"href":"https:\/\/exa.com.tr\/index.php\/wp-json\/wp\/v2\/media?parent=467"}],"curies":[{"name":"wp","href":"https:\/\/api.w.org\/{rel}","templated":true}]}}