{"id":463,"date":"2024-08-12T13:28:15","date_gmt":"2024-08-12T10:28:15","guid":{"rendered":"http:\/\/test.eksa.com.tr\/?page_id=463"},"modified":"2024-08-26T13:36:30","modified_gmt":"2024-08-26T10:36:30","slug":"exa-d22b-d22bc-215-aio-pc-beyaz","status":"publish","type":"page","link":"https:\/\/exa.com.tr\/index.php\/exa-d22b-d22bc-215-aio-pc-beyaz\/","title":{"rendered":"EXA D22B\/D22BC 21,5\u201d AIO PC (BEYAZ)"},"content":{"rendered":"\n<figure class=\"wp-block-image size-full\"><img loading=\"lazy\" decoding=\"async\" width=\"690\" height=\"527\" src=\"http:\/\/test.eksa.com.tr\/wp-content\/uploads\/EXA-D22B-215-AIO-PC-BEYAZ.jpg\" alt=\"\" class=\"wp-image-79\" srcset=\"https:\/\/exa.com.tr\/wp-content\/uploads\/EXA-D22B-215-AIO-PC-BEYAZ.jpg 690w, https:\/\/exa.com.tr\/wp-content\/uploads\/EXA-D22B-215-AIO-PC-BEYAZ-300x229.jpg 300w\" sizes=\"auto, (max-width: 690px) 100vw, 690px\" \/><\/figure>\n\n\n\n<p>Kompakt yap\u0131s\u0131 ile bir bilgisayarda ihtiya\u00e7 duyabilece\u011finiz her \u015feyi bir arada sunan Hepsi Bir Arada bilgisayar.<\/p>\n\n\n\n<div id=\"teknik\" class=\"tab-pane fade active in\">\n                                <h3>Teknik \u00d6zellikler<\/h3>\n                                <table width=\"100%\" border=\"0\">\n  <tbody><tr style=\"background-color: #F2F2F2\">\n    <td style=\"font-size:14px; font-weight:bold\">\u00dcr\u00fcn Kodu:<\/td>\n    <td style=\"text-align:left; font-size:14px;\">D22B \/ D22BC<\/td>\n  <\/tr>\n  <tr>\n    <td style=\"font-size:14px; font-weight:bold\">Renk:<\/td>\n    <td style=\"text-align:left; font-size:14px;\">Beyaz<\/td>\n  <\/tr>\n  <tr style=\"background-color: #F2F2F2\">\n    <td style=\"font-size:14px; font-weight:bold\">LCD:<\/td>\n    <td style=\"text-align:left; font-size:14px;\">21,5&#8243; LED Backlight ZBD Panel<\/td>\n  <\/tr>\n  <tr>\n    <td style=\"font-size:14px; font-weight:bold\">\u00c7\u00f6z\u00fcn\u00fcrl\u00fck:<\/td>\n    <td style=\"text-align:left; font-size:14px;\">1920 x 1080 FULL HD<\/td>\n  <\/tr>\n  <tr style=\"background-color: #F2F2F2\">\n    <td style=\"font-size:14px; font-weight:bold\">Parlama:<\/td>\n    <td style=\"text-align:left; font-size:14px;\">Parlamas\u0131z (non-Glare)<\/td>\n  <\/tr>\n  <tr>\n    <td style=\"font-size:14px; font-weight:bold\">Dokunmatik:<\/td>\n    <td style=\"text-align:left; font-size:14px;\">Yok<\/td>\n  <\/tr>\n  <tr style=\"background-color: #F2F2F2\">\n    <td style=\"font-size:14px; font-weight:bold\">\u0130\u015flemci:<\/td>\n    <td style=\"text-align:left; font-size:14px;\">8. Nesil Intel\u00ae Celeron, Pentium, Corei3, Core i5, Core i7 deste\u011fi<\/td>\n  <\/tr>\n  <tr>\n    <td style=\"font-size:14px; font-weight:bold\">Bellek:<\/td>\n    <td style=\"text-align:left; font-size:14px;\">2 x DDR4 2666MHz SODIMM , max 32GB<\/td>\n  <\/tr>\n  <tr style=\"background-color: #F2F2F2\">\n    <td style=\"font-size:14px; font-weight:bold\">G\u00fc\u00e7:<\/td>\n    <td style=\"text-align:left; font-size:14px;\">120W Adapt\u00f6r ile<\/td>\n  <\/tr>\n  <tr>\n    <td style=\"font-size:14px; font-weight:bold\">Wireless:<\/td>\n    <td style=\"text-align:left; font-size:14px;\">Intel\u00ae 3165m.2 WIFI+BT<\/td>\n  <\/tr>\n  <tr style=\"background-color: #F2F2F2\">\n    <td style=\"font-size:14px; font-weight:bold\">Webcam:<\/td>\n    <td style=\"text-align:left; font-size:14px;\">D22B:Yok \/ D22BC:Var<\/td>\n  <\/tr>\n  <tr>\n    <td style=\"font-size:14px; font-weight:bold\">Optik S\u00fcr\u00fcc\u00fc:<\/td>\n    <td style=\"text-align:left; font-size:14px;\">Yok<\/td>\n  <\/tr>\n  <tr style=\"background-color: #F2F2F2\">\n    <td style=\"font-size:14px; font-weight:bold\">Klavye &amp; Mouse:<\/td>\n    <td style=\"text-align:left; font-size:14px;\">Yok<\/td>\n  <\/tr>\n  <tr>\n    <td style=\"font-size:14px; font-weight:bold\">Chipset:<\/td>\n    <td style=\"text-align:left; font-size:14px;\">Intel\u00ae&nbsp;H310 Express Chipset<\/td>\n  <\/tr>\n  <tr style=\"background-color: #F2F2F2\">\n    <td style=\"font-size:14px; font-weight:bold\">Geni\u015fleme:<\/td>\n    <td style=\"text-align:left; font-size:14px;\">1 x M.2 slot for SSD<br>\nFor 2280\/2260 (SATA\/PCIe Gen2) SSD<br>1 x M.2 slot for WiFi\/BT PCIe Gen 2<\/td>\n  <\/tr>\n  <tr>\n    <td style=\"font-size:14px; font-weight:bold\">Depolama:<\/td>\n    <td style=\"text-align:left; font-size:14px;\">2 x Serial ATAIII 6Gb\/s<\/td>\n  <\/tr>\n  <tr style=\"background-color: #F2F2F2\">\n    <td style=\"font-size:14px; font-weight:bold\">LAN:<\/td>\n    <td style=\"text-align:left; font-size:14px;\">Realtek 8111H Gigabit<br>Fast Ethernet Controller<br>Wake-On-LAN<\/td>\n  <\/tr>\n  <tr>\n    <td style=\"font-size:14px; font-weight:bold\">Ba\u011flant\u0131lar-Yan:<\/td>\n    <td style=\"text-align:left; font-size:14px;\">2 x USB 2.0 &#8211; Audio-out , Mic-in, G\u00fc\u00e7 D\u00fc\u011fmesi<\/td>\n  <\/tr>\n  <tr style=\"background-color: #F2F2F2\">\n    <td style=\"font-size:14px; font-weight:bold\">Ba\u011flant\u0131lar:<\/td>\n    <td style=\"text-align:left; font-size:14px;\">2 x USB 3.0, 2 X USB 2.0, Audio-out, Mic-in, 1 x RJ45, 1 x HDMI, 1 x VGA<\/td>\n  <\/tr>\n  <tr>\n    <td style=\"font-size:14px; font-weight:bold\">\u0130\u015fletim Sistemi Deste\u011fi:<\/td>\n    <td style=\"text-align:left; font-size:14px;\">Windows 10 64-bit<\/td>\n  <\/tr>\n  <tr style=\"background-color: #F2F2F2\">\n    <td style=\"font-size:14px; font-weight:bold\">Ses:<\/td>\n    <td style=\"text-align:left; font-size:14px;\">6-Channel HD audio CODEC<br>Realtek ALC662<br>Realtek ALC662 6-channel High Definition audio CODEC<br>Meets performance requirements for Microsoft WLP 3.08 Vista premium and mobile PCs<br>Six channel DAC supports 16\/20\/24-bit PCM format for 5.1 channel audio solution<br>Emulation of 26 sound environments to enhance gaming experience<br>Voice Cancellation and Key Shifting in Karaoke mode<br>Direct Sound 3D\u2122, A3D\u2122, I3DL2 Uyumlu<\/td>\n  <\/tr>\n  <tr>\n    <td style=\"font-size:14px; font-weight:bold\">SYSTEM BIOS:<\/td>\n    <td style=\"text-align:left; font-size:14px;\">AMI BIOS with 128 MB SPI<br>Flash ROM<br>ACPI &amp; DMI<br>F7 hot key for boot up devices option<br>\nDual Display<br>Support ECS EZ BIOS<br>Support GUI UEFI BIOS<br>Plug and Play, STR (S3) \/ STD (S4) , Hardware monitor, Multi Boot<br>Multi-Language BIOS<br>Audio, LAN, can be disabled in BIOS<br>\nSupports PgUp clear CMOS Hotkey<\/td>\n  <\/tr>\n<\/tbody><\/table>\n                            <\/div>\n\n\n\n<div class=\"wp-block-buttons is-layout-flex wp-block-buttons-is-layout-flex\">\n<div class=\"wp-block-button\"><a class=\"wp-block-button__link has-accent-3-background-color has-background wp-element-button\" href=\"\/index.php\/suruculer\/#AIOPC\">S\u00fcr\u00fcc\u00fcler<\/a><\/div>\n<\/div>\n","protected":false},"excerpt":{"rendered":"<p>Kompakt yap\u0131s\u0131 ile bir bilgisayarda ihtiya\u00e7 duyabilece\u011finiz her \u015feyi bir arada sunan Hepsi Bir Arada bilgisayar. Teknik \u00d6zellikler \u00dcr\u00fcn Kodu: D22B \/ D22BC Renk: Beyaz LCD: 21,5&#8243; LED Backlight ZBD Panel \u00c7\u00f6z\u00fcn\u00fcrl\u00fck: 1920 x 1080 FULL HD Parlama: Parlamas\u0131z (non-Glare) Dokunmatik: Yok \u0130\u015flemci: 8. Nesil Intel\u00ae Celeron, Pentium, Corei3, Core i5, Core i7 deste\u011fi Bellek: [&hellip;]<\/p>\n","protected":false},"author":1,"featured_media":0,"parent":0,"menu_order":0,"comment_status":"closed","ping_status":"closed","template":"","meta":{"footnotes":""},"class_list":["post-463","page","type-page","status-publish","hentry"],"_links":{"self":[{"href":"https:\/\/exa.com.tr\/index.php\/wp-json\/wp\/v2\/pages\/463","targetHints":{"allow":["GET"]}}],"collection":[{"href":"https:\/\/exa.com.tr\/index.php\/wp-json\/wp\/v2\/pages"}],"about":[{"href":"https:\/\/exa.com.tr\/index.php\/wp-json\/wp\/v2\/types\/page"}],"author":[{"embeddable":true,"href":"https:\/\/exa.com.tr\/index.php\/wp-json\/wp\/v2\/users\/1"}],"replies":[{"embeddable":true,"href":"https:\/\/exa.com.tr\/index.php\/wp-json\/wp\/v2\/comments?post=463"}],"version-history":[{"count":6,"href":"https:\/\/exa.com.tr\/index.php\/wp-json\/wp\/v2\/pages\/463\/revisions"}],"predecessor-version":[{"id":834,"href":"https:\/\/exa.com.tr\/index.php\/wp-json\/wp\/v2\/pages\/463\/revisions\/834"}],"wp:attachment":[{"href":"https:\/\/exa.com.tr\/index.php\/wp-json\/wp\/v2\/media?parent=463"}],"curies":[{"name":"wp","href":"https:\/\/api.w.org\/{rel}","templated":true}]}}