{"id":453,"date":"2024-08-12T13:24:29","date_gmt":"2024-08-12T10:24:29","guid":{"rendered":"http:\/\/test.eksa.com.tr\/?page_id=453"},"modified":"2024-08-26T13:35:40","modified_gmt":"2024-08-26T10:35:40","slug":"exa-d24b-d24bc-238-aio-pc-beyaz","status":"publish","type":"page","link":"https:\/\/exa.com.tr\/index.php\/exa-d24b-d24bc-238-aio-pc-beyaz\/","title":{"rendered":"EXA D24B\/D24BC 23,8 AIO PC (BEYAZ)"},"content":{"rendered":"\n<div aria-live=\"polite\" id=\"soliloquy-container-454\" class=\"soliloquy-container soliloquy-transition-fade  soliloquy-theme-base\" style=\"max-width:600px;max-height:300px;\"><ul id=\"soliloquy-454\" class=\"soliloquy-slider soliloquy-slides soliloquy-wrap soliloquy-clear\"><li aria-hidden=\"true\" class=\"soliloquy-item soliloquy-item-1 soliloquy-image-slide\" draggable=\"false\" style=\"list-style:none\"><img decoding=\"async\" id=\"soliloquy-image-77\" class=\"soliloquy-image soliloquy-image-1\" src=\"https:\/\/exa.com.tr\/wp-content\/uploads\/exa-d24b-600x300_c.jpg\" alt=\"exa-d24b\" \/><\/li><li aria-hidden=\"true\" class=\"soliloquy-item soliloquy-item-2 soliloquy-image-slide\" draggable=\"false\" style=\"list-style:none\"><img decoding=\"async\" id=\"soliloquy-image-455\" class=\"soliloquy-image soliloquy-image-2\" src=\"https:\/\/exa.com.tr\/wp-content\/uploads\/exa-d24b-1-600x300_c.jpg\" alt=\"exa-d24b-1\" \/><\/li><li aria-hidden=\"true\" class=\"soliloquy-item soliloquy-item-3 soliloquy-image-slide\" draggable=\"false\" style=\"list-style:none\"><img decoding=\"async\" id=\"soliloquy-image-456\" class=\"soliloquy-image soliloquy-image-3\" src=\"https:\/\/exa.com.tr\/wp-content\/uploads\/exa-d24b-2-600x300_c.jpg\" alt=\"exa-d24b-2\" \/><\/li><li aria-hidden=\"true\" class=\"soliloquy-item soliloquy-item-4 soliloquy-image-slide\" draggable=\"false\" style=\"list-style:none\"><img decoding=\"async\" id=\"soliloquy-image-457\" class=\"soliloquy-image soliloquy-image-4\" src=\"https:\/\/exa.com.tr\/wp-content\/uploads\/exa-d24b-3-600x300_c.jpg\" alt=\"exa-d24b-3\" \/><\/li><li aria-hidden=\"true\" class=\"soliloquy-item soliloquy-item-5 soliloquy-image-slide\" draggable=\"false\" style=\"list-style:none\"><img decoding=\"async\" id=\"soliloquy-image-458\" class=\"soliloquy-image soliloquy-image-5\" src=\"https:\/\/exa.com.tr\/wp-content\/uploads\/exa-d24b-4-600x300_c.jpg\" alt=\"exa-d24b-4\" \/><\/li><li aria-hidden=\"true\" class=\"soliloquy-item soliloquy-item-6 soliloquy-image-slide\" draggable=\"false\" style=\"list-style:none\"><img decoding=\"async\" id=\"soliloquy-image-459\" class=\"soliloquy-image soliloquy-image-6\" src=\"https:\/\/exa.com.tr\/wp-content\/uploads\/exa-d24b-5-600x300_c.jpg\" alt=\"exa-d24b-5\" \/><\/li><\/ul><\/div><noscript><style type=\"text\/css\">#soliloquy-container-454{opacity:1}<\/style><\/noscript>\n\n\n\n<p>Beyaz rengi ile beyaz severlere hitap eden D24B modeli 23,8&#8243; FULL HD ekran\u0131 ve ince \u00e7er\u00e7evesi ile daha geni\u015f g\u00f6r\u00fc\u015f alan\u0131 sunar. Intel serisi i\u015flemciler ile ihtiya\u00e7 duydu\u011funuz performansa sahip olabilirsiniz.<\/p>\n\n\n\n<div id=\"teknik\" class=\"tab-pane fade active in\">\n                                <h3>Teknik \u00d6zellikler<\/h3>\n                                 <table width=\"100%\" border=\"0\">\n  <tbody><tr style=\"background-color: #F2F2F2\">\n    <td style=\"font-size:14px; font-weight:bold\">\u00dcr\u00fcn Kodu:<\/td>\n    <td style=\"text-align:left; font-size:14px;\">D24B \/ D24BC<\/td>\n  <\/tr>\n  <tr>\n    <td style=\"font-size:14px; font-weight:bold\">Renk:<\/td>\n    <td style=\"text-align:left; font-size:14px;\">Beyaz<\/td>\n  <\/tr>\n  <tr style=\"background-color: #F2F2F2\">\n    <td style=\"font-size:14px; font-weight:bold\">LCD:<\/td>\n    <td style=\"text-align:left; font-size:14px;\">23,8&#8243; LED Backlight ZBD Panel<\/td>\n  <\/tr>\n  <tr>\n    <td style=\"font-size:14px; font-weight:bold\">\u00c7\u00f6z\u00fcn\u00fcrl\u00fck:<\/td>\n    <td style=\"text-align:left; font-size:14px;\">1920 x 1080 FULL HD<\/td>\n  <\/tr>\n  <tr style=\"background-color: #F2F2F2\">\n    <td style=\"font-size:14px; font-weight:bold\">Parlama:<\/td>\n    <td style=\"text-align:left; font-size:14px;\">Parlamas\u0131z (non-Glare)<\/td>\n  <\/tr>\n  <tr>\n    <td style=\"font-size:14px; font-weight:bold\">Dokunmatik:<\/td>\n    <td style=\"text-align:left; font-size:14px;\">Yok<\/td>\n  <\/tr>\n  <tr style=\"background-color: #F2F2F2\">\n    <td style=\"font-size:14px; font-weight:bold\">\u0130\u015flemci:<\/td>\n    <td style=\"text-align:left; font-size:14px;\">8. Nesil Intel\u00ae Celeron, Pentium, Corei3, Core i5, Core i7 deste\u011fi<\/td>\n  <\/tr>\n  <tr>\n    <td style=\"font-size:14px; font-weight:bold\">Bellek:<\/td>\n    <td style=\"text-align:left; font-size:14px;\">2 x DDR4 2666MHz SODIMM , max 32GB<\/td>\n  <\/tr>\n  <tr style=\"background-color: #F2F2F2\">\n    <td style=\"font-size:14px; font-weight:bold\">G\u00fc\u00e7:<\/td>\n    <td style=\"text-align:left; font-size:14px;\">120W Adapt\u00f6r ile<\/td>\n  <\/tr>\n  <tr>\n    <td style=\"font-size:14px; font-weight:bold\">Wireless:<\/td>\n    <td style=\"text-align:left; font-size:14px;\">Intel\u00ae 3165m.2 WIFI+BT<\/td>\n  <\/tr>\n  <tr style=\"background-color: #F2F2F2\">\n    <td style=\"font-size:14px; font-weight:bold\">Webcam:<\/td>\n    <td style=\"text-align:left; font-size:14px;\">D24B: Yok \/ D24BC: Var<\/td>\n  <\/tr>\n  <tr>\n    <td style=\"font-size:14px; font-weight:bold\">Optik S\u00fcr\u00fcc\u00fc:<\/td>\n    <td style=\"text-align:left; font-size:14px;\">Yok<\/td>\n  <\/tr>\n  <tr style=\"background-color: #F2F2F2\">\n    <td style=\"font-size:14px; font-weight:bold\">Klavye &amp; Mouse:<\/td>\n    <td style=\"text-align:left; font-size:14px;\">Yok<\/td>\n  <\/tr>\n  <tr>\n    <td style=\"font-size:14px; font-weight:bold\">Chipset:<\/td>\n    <td style=\"text-align:left; font-size:14px;\">Intel\u00ae&nbsp;H310 Express Chipset<\/td>\n  <\/tr>\n  <tr style=\"background-color: #F2F2F2\">\n    <td style=\"font-size:14px; font-weight:bold\">Geni\u015fleme:<\/td>\n    <td style=\"text-align:left; font-size:14px;\">1 x M.2 slot for SSD<br>\nFor 2280\/2260 (SATA\/PCIe Gen2) SSD<br>1 x M.2 slot for WiFi\/BT PCIe Gen 2<\/td>\n  <\/tr>\n  <tr>\n    <td style=\"font-size:14px; font-weight:bold\">Depolama:<\/td>\n    <td style=\"text-align:left; font-size:14px;\">2 x Serial ATAIII 6Gb\/s<\/td>\n  <\/tr>\n  <tr style=\"background-color: #F2F2F2\">\n    <td style=\"font-size:14px; font-weight:bold\">LAN:<\/td>\n    <td style=\"text-align:left; font-size:14px;\">Realtek 8111H Gigabit<br>Fast Ethernet Controller<br>Wake-On-LAN<\/td>\n  <\/tr>\n  <tr>\n    <td style=\"font-size:14px; font-weight:bold\">Ba\u011flant\u0131lar-Yan:<\/td>\n    <td style=\"text-align:left; font-size:14px;\">2 x USB 2.0 &#8211; Audio-out , Mic-in, G\u00fc\u00e7 D\u00fc\u011fmesi<\/td>\n  <\/tr>\n  <tr style=\"background-color: #F2F2F2\">\n    <td style=\"font-size:14px; font-weight:bold\">Ba\u011flant\u0131lar:<\/td>\n    <td style=\"text-align:left; font-size:14px;\">2 x USB 3.0, 2 X USB 2.0, Audio-out, Mic-in, 1 x RJ45, 1 x HDMI, 1 x VGA<\/td>\n  <\/tr>\n  <tr>\n    <td style=\"font-size:14px; font-weight:bold\">\u0130\u015fletim Sistemi Deste\u011fi:<\/td>\n    <td style=\"text-align:left; font-size:14px;\">Windows 10 64-bit<\/td>\n  <\/tr>\n  <tr style=\"background-color: #F2F2F2\">\n    <td style=\"font-size:14px; font-weight:bold\">Ses:<\/td>\n    <td style=\"text-align:left; font-size:14px;\">6-Channel HD audio CODEC<br>Realtek ALC662<br>Realtek ALC662 6-channel High Definition audio CODEC<br>Meets performance requirements for Microsoft WLP 3.08 Vista premium and mobile PCs<br>Six channel DAC supports 16\/20\/24-bit PCM format for 5.1 channel audio solution<br>Emulation of 26 sound environments to enhance gaming experience<br>Voice Cancellation and Key Shifting in Karaoke mode<br>Direct Sound 3D\u2122, A3D\u2122, I3DL2 Uyumlu<\/td>\n  <\/tr>\n  <tr>\n    <td style=\"font-size:14px; font-weight:bold\">SYSTEM BIOS:<\/td>\n    <td style=\"text-align:left; font-size:14px;\">AMI BIOS with 128 MB SPI<br>Flash ROM<br>ACPI &amp; DMI<br>F7 hot key for boot up devices option<br>\nDual Display<br>Support ECS EZ BIOS<br>Support GUI UEFI BIOS<br>Plug and Play, STR (S3) \/ STD (S4) , Hardware monitor, Multi Boot<br>Multi-Language BIOS<br>Audio, LAN, can be disabled in BIOS<br>\nSupports PgUp clear CMOS Hotkey<\/td>\n  <\/tr>\n<\/tbody><\/table>\n                            <\/div>\n\n\n\n<div class=\"wp-block-buttons is-layout-flex wp-block-buttons-is-layout-flex\">\n<div class=\"wp-block-button\"><a class=\"wp-block-button__link has-accent-3-background-color has-background wp-element-button\" href=\"\/index.php\/suruculer\/#AIOPC\">S\u00fcr\u00fcc\u00fcler<\/a><\/div>\n<\/div>\n","protected":false},"excerpt":{"rendered":"<p>Beyaz rengi ile beyaz severlere hitap eden D24B modeli 23,8&#8243; FULL HD ekran\u0131 ve ince \u00e7er\u00e7evesi ile daha geni\u015f g\u00f6r\u00fc\u015f alan\u0131 sunar. Intel serisi i\u015flemciler ile ihtiya\u00e7 duydu\u011funuz performansa sahip olabilirsiniz. Teknik \u00d6zellikler \u00dcr\u00fcn Kodu: D24B \/ D24BC Renk: Beyaz LCD: 23,8&#8243; LED Backlight ZBD Panel \u00c7\u00f6z\u00fcn\u00fcrl\u00fck: 1920 x 1080 FULL HD Parlama: Parlamas\u0131z (non-Glare) [&hellip;]<\/p>\n","protected":false},"author":1,"featured_media":0,"parent":0,"menu_order":0,"comment_status":"closed","ping_status":"closed","template":"","meta":{"footnotes":""},"class_list":["post-453","page","type-page","status-publish","hentry"],"_links":{"self":[{"href":"https:\/\/exa.com.tr\/index.php\/wp-json\/wp\/v2\/pages\/453","targetHints":{"allow":["GET"]}}],"collection":[{"href":"https:\/\/exa.com.tr\/index.php\/wp-json\/wp\/v2\/pages"}],"about":[{"href":"https:\/\/exa.com.tr\/index.php\/wp-json\/wp\/v2\/types\/page"}],"author":[{"embeddable":true,"href":"https:\/\/exa.com.tr\/index.php\/wp-json\/wp\/v2\/users\/1"}],"replies":[{"embeddable":true,"href":"https:\/\/exa.com.tr\/index.php\/wp-json\/wp\/v2\/comments?post=453"}],"version-history":[{"count":4,"href":"https:\/\/exa.com.tr\/index.php\/wp-json\/wp\/v2\/pages\/453\/revisions"}],"predecessor-version":[{"id":833,"href":"https:\/\/exa.com.tr\/index.php\/wp-json\/wp\/v2\/pages\/453\/revisions\/833"}],"wp:attachment":[{"href":"https:\/\/exa.com.tr\/index.php\/wp-json\/wp\/v2\/media?parent=453"}],"curies":[{"name":"wp","href":"https:\/\/api.w.org\/{rel}","templated":true}]}}