{"id":382,"date":"2024-08-02T13:43:08","date_gmt":"2024-08-02T10:43:08","guid":{"rendered":"http:\/\/test.eksa.com.tr\/?page_id=382"},"modified":"2024-08-02T13:43:08","modified_gmt":"2024-08-02T10:43:08","slug":"garanti-sartlari","status":"publish","type":"page","link":"https:\/\/exa.com.tr\/index.php\/garanti-sartlari\/","title":{"rendered":"Garanti \u015eartlar\u0131"},"content":{"rendered":"\n<p><strong>Garanti Ko\u015fullar\u0131;<br><\/strong><br><strong>1.<\/strong>&nbsp;&nbsp;Sat\u0131n alm\u0131\u015f oldu\u011funuz \u00fcr\u00fcn\u00fcn\u00fcn Garanti S\u00fcresi, teslim tarihinden itibaren ba\u015flar ve en az 2 y\u0131ld\u0131r.<br><strong>2.<\/strong>&nbsp;&nbsp;T\u00fcm \u00fcr\u00fcnlerimiz ithalat\u00e7\u0131 ve \u00fcretici firmalar\u0131n garantisi alt\u0131ndad\u0131r.<br><strong>3.<\/strong>&nbsp;&nbsp;Sat\u0131n alm\u0131\u015f oldu\u011funuz \u00fcr\u00fcnlerin birebir de\u011fi\u015fim s\u00fcresi 15 g\u00fcnd\u00fcr.<br><strong>4.<\/strong>&nbsp; Ar\u0131zal\u0131 \u00fcr\u00fcn g\u00f6nderimlerinde kargo \u00fccreti m\u00fc\u015fterimize aittir, geri g\u00f6nderiminde kargo bedeli taraf\u0131m\u0131zdan \u00f6denmektedir.<br><strong>5.<\/strong>&nbsp;&nbsp;Kargo ile irsaliyesiz g\u00f6nderilen \u00fcr\u00fcnler kabul edilmemektedir.<br><strong>6.<\/strong>&nbsp; Kargodan kaynakl\u0131 hasarlar i\u00e7in kargo g\u00f6revlisine tutanak tutturulmas\u0131 ve hasarl\u0131 \u00fcr\u00fcn\u00fcn bedelinin kargo firmas\u0131ndan tahsil edilmesi gerekmektedir.&nbsp;&nbsp;<\/p>\n\n\n\n<p><strong>Eksa Teknik Servise Kesinlikle Kabul Edilmeyen \u00dcr\u00fcnler;&nbsp;<\/strong><\/p>\n\n\n\n<p><strong>\u00b7<\/strong>&nbsp;&nbsp; &nbsp;Cep telefonlar\u0131,<br><strong>\u00b7<\/strong>&nbsp;&nbsp; &nbsp;\u0130\u015fletim sistemleri ve programlar,<br><strong>\u00b7<\/strong>&nbsp;&nbsp; &nbsp;T\u00fcketim ve sarf malzemeler,<\/p>\n\n\n\n<p><strong>Anla\u015fmal\u0131 servisi olan \u00fcr\u00fcnler De\u011fi\u015fim S\u00fcrecinde \u00dcr\u00fcn G\u00f6nderilirken Dikkat Edilmesi &nbsp;Gereken&nbsp;Hususlar;<\/strong><\/p>\n\n\n\n<p><strong>1.<\/strong>&nbsp;&nbsp;\u00dcr\u00fcn orijinal ambalaj\u0131 i\u00e7ersinde eksiksiz olarak fatura fotokopisi ve garanti belgesi ile g\u00f6nderilmelidir.<br><strong>2.&nbsp;<\/strong>&nbsp;Kargo ile g\u00f6nderilecek \u00fcr\u00fcnlerde kutu \u00fczerine kargo yap\u0131lmamal\u0131&nbsp;<br>ba\u015fka bir kutu i\u00e7ersinde g\u00f6nderilmelidir.<br><strong>3.<\/strong>&nbsp;&nbsp;De\u011fi\u015fime uygun olmayan \u00fcr\u00fcnler yetkili servis \u00fczerinden i\u015flem g\u00f6rmektedir. &nbsp;<br><br><strong>Ar\u0131zal\u0131 \u00dcr\u00fcnleri G\u00f6nderirken Dikkat Edilmesi Gereken Hususlar;<\/strong><\/p>\n\n\n\n<p><strong>1.<\/strong>&nbsp;&nbsp;\u00dcr\u00fcnleri do\u011frudan yetkili servise g\u00f6ndermeniz size garanti d\u00f6n\u00fc\u015f&nbsp;s\u00fcrecinin k\u0131salmas\u0131 ile daha fazla zaman kazand\u0131racakt\u0131r.<br><strong>2.<\/strong>&nbsp;&nbsp;Baz\u0131 markalar; kendi \u00fcr\u00fcnlerine yerinde servis hizmeti verdikleri i\u00e7in bu kontrol\u00fc yapman\u0131z \u00f6nemlidir.<br><strong>3.<\/strong>&nbsp;&nbsp;Yetkili servis bilgileri sitemizde mevcuttur.<a href=\"https:\/\/www.eksa.com.tr\/bpi.asp?caid=565&amp;cid=698\">Yetkili servis bilgilerine ula\u015fmak i\u00e7in t\u0131klay\u0131n\u0131z!<\/a><br><strong>4.<\/strong>&nbsp;&nbsp;Servisimize ula\u015ft\u0131r\u0131lan \u00fcr\u00fcnler, \u0130thalat\u00e7\u0131 firmalar\u0131n servislerine g\u00f6nderilir ,ortama onar\u0131m s\u00fcresi 15 i\u015f g\u00fcn\u00fc olup, azami onar\u0131m s\u00fcresi 30 i\u015f g\u00fcn\u00fcd\u00fcr.<br><strong>5.<\/strong>&nbsp;&nbsp;\u00dccretli onar\u0131mlarda \u00fccretler pe\u015fin tahsil edilir.<br><strong>6.<\/strong>&nbsp;&nbsp;Ar\u0131za kabul s\u0131ras\u0131nda yap\u0131lan genel incelemede \u00fcr\u00fcn\u00fc garanti d\u0131\u015f\u0131 b\u0131rakan baz\u0131 problemler anla\u015f\u0131lamayabilmektedir. Daha sonra teknik servis ekipmanlar\u0131yla yap\u0131lan ayr\u0131nt\u0131l\u0131 incelemede bu kusurlar\u0131n ortaya \u00e7\u0131kmas\u0131 durumunda \u00fcr\u00fcn m\u00fc\u015fteriye geri iade edilir.<br><strong>7.&nbsp;&nbsp;<\/strong>Ar\u0131zal\u0131 olarak gelen modelden stokta&nbsp;mevcut de\u011filse,&nbsp;ar\u0131zal\u0131 \u00fcr\u00fcn ayn\u0131 markan\u0131n e\u015f de\u011fer kapasitesindeki ba\u015fka bir \u00fcr\u00fcnle de\u011fi\u015fimi yap\u0131labilir.<\/p>\n","protected":false},"excerpt":{"rendered":"<p>Garanti Ko\u015fullar\u0131;1.&nbsp;&nbsp;Sat\u0131n alm\u0131\u015f oldu\u011funuz \u00fcr\u00fcn\u00fcn\u00fcn Garanti S\u00fcresi, teslim tarihinden itibaren ba\u015flar ve en az 2 y\u0131ld\u0131r.2.&nbsp;&nbsp;T\u00fcm \u00fcr\u00fcnlerimiz ithalat\u00e7\u0131 ve \u00fcretici firmalar\u0131n garantisi alt\u0131ndad\u0131r.3.&nbsp;&nbsp;Sat\u0131n alm\u0131\u015f oldu\u011funuz \u00fcr\u00fcnlerin birebir de\u011fi\u015fim s\u00fcresi 15 g\u00fcnd\u00fcr.4.&nbsp; Ar\u0131zal\u0131 \u00fcr\u00fcn g\u00f6nderimlerinde kargo \u00fccreti m\u00fc\u015fterimize aittir, geri g\u00f6nderiminde kargo bedeli taraf\u0131m\u0131zdan \u00f6denmektedir.5.&nbsp;&nbsp;Kargo ile irsaliyesiz g\u00f6nderilen \u00fcr\u00fcnler kabul edilmemektedir.6.&nbsp; Kargodan kaynakl\u0131 hasarlar i\u00e7in kargo [&hellip;]<\/p>\n","protected":false},"author":1,"featured_media":0,"parent":0,"menu_order":0,"comment_status":"closed","ping_status":"closed","template":"","meta":{"footnotes":""},"class_list":["post-382","page","type-page","status-publish","hentry"],"_links":{"self":[{"href":"https:\/\/exa.com.tr\/index.php\/wp-json\/wp\/v2\/pages\/382","targetHints":{"allow":["GET"]}}],"collection":[{"href":"https:\/\/exa.com.tr\/index.php\/wp-json\/wp\/v2\/pages"}],"about":[{"href":"https:\/\/exa.com.tr\/index.php\/wp-json\/wp\/v2\/types\/page"}],"author":[{"embeddable":true,"href":"https:\/\/exa.com.tr\/index.php\/wp-json\/wp\/v2\/users\/1"}],"replies":[{"embeddable":true,"href":"https:\/\/exa.com.tr\/index.php\/wp-json\/wp\/v2\/comments?post=382"}],"version-history":[{"count":1,"href":"https:\/\/exa.com.tr\/index.php\/wp-json\/wp\/v2\/pages\/382\/revisions"}],"predecessor-version":[{"id":383,"href":"https:\/\/exa.com.tr\/index.php\/wp-json\/wp\/v2\/pages\/382\/revisions\/383"}],"wp:attachment":[{"href":"https:\/\/exa.com.tr\/index.php\/wp-json\/wp\/v2\/media?parent=382"}],"curies":[{"name":"wp","href":"https:\/\/api.w.org\/{rel}","templated":true}]}}