{"id":329,"date":"2024-08-02T13:20:21","date_gmt":"2024-08-02T10:20:21","guid":{"rendered":"http:\/\/test.eksa.com.tr\/?page_id=329"},"modified":"2026-03-26T17:46:35","modified_gmt":"2026-03-26T14:46:35","slug":"yetkili-servisler","status":"publish","type":"page","link":"https:\/\/exa.com.tr\/index.php\/yetkili-servisler\/","title":{"rendered":"Yetkili Servisler"},"content":{"rendered":"\n<div class=\"wp-block-columns is-layout-flex wp-container-core-columns-is-layout-28f84493 wp-block-columns-is-layout-flex\">\n<div class=\"wp-block-column is-layout-flow wp-block-column-is-layout-flow\" style=\"flex-basis:100%\">\n<div class=\"wp-block-columns is-layout-flex wp-container-core-columns-is-layout-28f84493 wp-block-columns-is-layout-flex\">\n<div class=\"wp-block-column is-layout-flow wp-block-column-is-layout-flow\" style=\"flex-basis:100%\">\n<p class=\"has-contrast-3-background-color has-background\"><strong>Eksa Elektronik Teknik Servis<\/strong><\/p>\n<\/div>\n<\/div>\n<\/div>\n<\/div>\n\n\n\n<div class=\"wp-block-columns is-layout-flex wp-container-core-columns-is-layout-28f84493 wp-block-columns-is-layout-flex\">\n<div class=\"wp-block-column is-layout-flow wp-block-column-is-layout-flow\" style=\"flex-basis:100%\">\n<div class=\"wp-block-group is-layout-grid wp-container-core-group-is-layout-09953040 wp-block-group-is-layout-grid\">\n<figure class=\"wp-block-image size-full\"><img loading=\"lazy\" decoding=\"async\" width=\"164\" height=\"90\" src=\"https:\/\/exa.com.tr\/wp-content\/uploads\/Exa_AIO.jpg\" alt=\"\" class=\"wp-image-969\"\/><\/figure>\n\n\n\n<figure class=\"wp-block-image size-full\"><img loading=\"lazy\" decoding=\"async\" width=\"164\" height=\"90\" src=\"https:\/\/exa.com.tr\/wp-content\/uploads\/15_ExaElite.jpg\" alt=\"\" class=\"wp-image-309\"\/><\/figure>\n\n\n\n<figure class=\"wp-block-image size-full\"><img loading=\"lazy\" decoding=\"async\" width=\"164\" height=\"90\" src=\"https:\/\/exa.com.tr\/wp-content\/uploads\/Exa_Klavye_Mouse.jpg\" alt=\"\" class=\"wp-image-970\"\/><\/figure>\n\n\n\n<figure class=\"wp-block-image size-full\"><img loading=\"lazy\" decoding=\"async\" width=\"164\" height=\"90\" src=\"https:\/\/exa.com.tr\/wp-content\/uploads\/Exa_POS_PC-1.jpg\" alt=\"\" class=\"wp-image-968\"\/><\/figure>\n\n\n\n<figure class=\"wp-block-image size-full\"><img loading=\"lazy\" decoding=\"async\" width=\"164\" height=\"90\" src=\"https:\/\/exa.com.tr\/wp-content\/uploads\/16_exatrend.jpg\" alt=\"\" class=\"wp-image-310\"\/><\/figure>\n\n\n\n<figure class=\"wp-block-image size-full\"><img loading=\"lazy\" decoding=\"async\" width=\"164\" height=\"90\" src=\"https:\/\/exa.com.tr\/wp-content\/uploads\/26_aigo.jpg\" alt=\"\" class=\"wp-image-389\"\/><\/figure>\n\n\n\n<figure class=\"wp-block-image size-full\"><img loading=\"lazy\" decoding=\"async\" width=\"164\" height=\"90\" src=\"https:\/\/exa.com.tr\/wp-content\/uploads\/11_Biostar.jpg\" alt=\"\" class=\"wp-image-388\"\/><\/figure>\n\n\n\n<figure class=\"wp-block-image size-full\"><img loading=\"lazy\" decoding=\"async\" width=\"164\" height=\"90\" src=\"https:\/\/exa.com.tr\/wp-content\/uploads\/23_corpex.jpg\" alt=\"\" class=\"wp-image-316\"\/><\/figure>\n\n\n\n<figure class=\"wp-block-image size-full\"><img loading=\"lazy\" decoding=\"async\" width=\"164\" height=\"90\" src=\"https:\/\/exa.com.tr\/wp-content\/uploads\/07_Crucial-1.jpg\" alt=\"\" class=\"wp-image-902\"\/><\/figure>\n\n\n\n<figure class=\"wp-block-image size-full\"><img loading=\"lazy\" decoding=\"async\" width=\"164\" height=\"90\" src=\"https:\/\/exa.com.tr\/wp-content\/uploads\/19_havit.jpg\" alt=\"\" class=\"wp-image-397\"\/><\/figure>\n\n\n\n<figure class=\"wp-block-image size-full\"><img loading=\"lazy\" decoding=\"async\" width=\"164\" height=\"90\" src=\"https:\/\/exa.com.tr\/wp-content\/uploads\/05_inno.jpg\" alt=\"\" class=\"wp-image-392\"\/><\/figure>\n\n\n\n<figure class=\"wp-block-image size-full\"><img loading=\"lazy\" decoding=\"async\" width=\"164\" height=\"90\" src=\"https:\/\/exa.com.tr\/wp-content\/uploads\/24_koorui-1.jpg\" alt=\"\" class=\"wp-image-672\"\/><\/figure>\n<\/div>\n<\/div>\n<\/div>\n\n\n\n<div class=\"wp-block-group is-layout-grid wp-container-core-group-is-layout-acc8bb78 wp-block-group-is-layout-grid\">\n<figure class=\"wp-block-image size-full\"><img loading=\"lazy\" decoding=\"async\" width=\"164\" height=\"90\" src=\"https:\/\/exa.com.tr\/wp-content\/uploads\/09_Micron-1.jpg\" alt=\"\" class=\"wp-image-904\"\/><\/figure>\n\n\n\n<figure class=\"wp-block-image size-full\"><img loading=\"lazy\" decoding=\"async\" width=\"164\" height=\"90\" src=\"https:\/\/exa.com.tr\/wp-content\/uploads\/14_Netac.jpg\" alt=\"\" class=\"wp-image-393\"\/><\/figure>\n\n\n\n<figure class=\"wp-block-image size-full\"><img loading=\"lazy\" decoding=\"async\" width=\"164\" height=\"90\" src=\"https:\/\/exa.com.tr\/wp-content\/uploads\/13_Npc_Logo.jpg\" alt=\"\" class=\"wp-image-917\"\/><\/figure>\n\n\n\n<figure class=\"wp-block-image size-full\"><img loading=\"lazy\" decoding=\"async\" width=\"164\" height=\"90\" src=\"https:\/\/exa.com.tr\/wp-content\/uploads\/04_Palit.jpg\" alt=\"\" class=\"wp-image-391\"\/><\/figure>\n<\/div>\n\n\n\n<div class=\"wp-block-group is-layout-grid wp-container-core-group-is-layout-acc8bb78 wp-block-group-is-layout-grid\">\n<figure class=\"wp-block-gallery has-nested-images columns-default is-cropped wp-block-gallery-1 is-layout-flex wp-block-gallery-is-layout-flex\">\n<figure class=\"wp-block-image size-full\"><img loading=\"lazy\" decoding=\"async\" width=\"164\" height=\"90\" data-id=\"921\" src=\"https:\/\/exa.com.tr\/wp-content\/uploads\/06_Powercolor-2.jpg\" alt=\"\" class=\"wp-image-921\"\/><\/figure>\n<\/figure>\n<\/div>\n\n\n\n<div class=\"wp-block-columns is-layout-flex wp-container-core-columns-is-layout-28f84493 wp-block-columns-is-layout-flex\">\n<div class=\"wp-block-column is-layout-flow wp-block-column-is-layout-flow\" style=\"flex-basis:100%\">\n<p class=\"has-contrast-3-background-color has-background\"><strong>\u0130leti\u015fim Bilgileri<\/strong><\/p>\n<\/div>\n<\/div>\n\n\n\n<p><strong><a href=\"https:\/\/www.google.com\/search?sca_esv=8d0681f1a4a4235b&amp;sxsrf=AE3TifM7KcxU5BijSFljP0QpzUU2jHHebg:1762431047218&amp;q=bayikanali+adres&amp;ludocid=10957752494211438446&amp;sa=X&amp;ved=2ahUKEwiMwIqkv92QAxU_R_EDHei9B9wQ6BN6BAhWEAI\">Adres<\/a>:&nbsp;<\/strong><a href=\"https:\/\/www.google.com\/maps\/place\/\/data=!4m2!3m1!1s0x14cac85937981625:0x9811c1d63a1f976e?sa=X&amp;ved=1t:8290&amp;ictx=111\">K\u0131s\u0131kl\u0131, Alemda\u011f Cd 56\/B, 34692 \u00dcsk\u00fcdar\/\u0130stanbul<\/a><\/p>\n\n\n\n<p><strong><a href=\"https:\/\/www.google.com\/search?sca_esv=8d0681f1a4a4235b&amp;sxsrf=AE3TifPgmsqT0wfAouKbxsGrJp22E4_20Q:1762430793410&amp;q=bayikanali+telefon&amp;ludocid=10957752494211438446&amp;sa=X&amp;ved=2ahUKEwjVpYervt2QAxXMSvEDHeSpC_sQ6BN6BAhXEAI\">Telefon<\/a>:&nbsp;<\/strong><a href=\"https:\/\/www.google.com\/search?q=eksa+elektronik&amp;sca_esv=8d0681f1a4a4235b&amp;sxsrf=AE3TifNl0P_j9nLKLGcbo-Y1Gw6UvhLTrg%3A1762430505979&amp;ei=KY4MaZy0O8KH7NYPx7LgmAk&amp;gs_ssp=eJzj4tFP1zcsKImvykrLTjZgtFI1qDA0SU5MtjC1NDa3tDA0MzK1MqgAMgyTDVPMjBMN0yzNzVK9-FOzixMVUnNSs0uK8vMyswHIDRTp&amp;oq=eksa&amp;gs_lp=Egxnd3Mtd2l6LXNlcnAiBGVrc2EqAggEMhAQABiABBixAxhDGIMBGIoFMgUQABiABDIIEAAYgAQYsQMyBRAAGIAEMg4QLhiABBjHARiOBRivATIKEAAYgAQYQxiKBTIFEAAYgAQyBRAAGIAEMgUQABiABDIFEAAYgAQyHRAuGIAEGMcBGI4FGK8BGJcFGNwEGN4EGOAE2AEBSL4nUABYsARwAHgBkAEAmAGYAaABrwSqAQMwLjS4AQPIAQD4AQGYAgWgAoIlwgILEAAYgAQYsQMYgwHCAg4QABiABBixAxiDARiKBcICCxAuGIAEGLEDGIMBwgITEC4YgAQYQxjHARiKBRiOBRivAcICEBAuGIAEGEMYxwEYigUYrwHCAiIQLhiABBhDGMcBGIoFGI4FGK8BGJcFGNwEGN4EGOAE2AEBwgIKEC4YgAQYQxiKBcICBBAAGAOYAwC6BgYIARABGBSSBwcwLjQuOS0xoAeSKrIHAzAuNLgHxQTCBwcwLjMuMS4xyAcS&amp;sclient=gws-wiz-serp#\">(0216) 524 99 99<\/a><\/p>\n\n\n\n<div class=\"wp-block-columns is-layout-flex wp-container-core-columns-is-layout-28f84493 wp-block-columns-is-layout-flex\">\n<div class=\"wp-block-column is-layout-flow wp-block-column-is-layout-flow\"><\/div>\n<\/div>\n\n\n\n<div class=\"wp-block-columns is-layout-flex wp-container-core-columns-is-layout-28f84493 wp-block-columns-is-layout-flex\">\n<div class=\"wp-block-column is-layout-flow wp-block-column-is-layout-flow\" style=\"flex-basis:100%\">\n<p class=\"has-contrast-3-background-color has-background\"><strong>Game Garaj Teknik Servis<\/strong><\/p>\n<\/div>\n<\/div>\n\n\n\n<div class=\"wp-block-group is-layout-grid wp-container-core-group-is-layout-acc8bb78 wp-block-group-is-layout-grid\">\n<figure class=\"wp-block-gallery has-nested-images columns-default is-cropped wp-block-gallery-2 is-layout-flex wp-block-gallery-is-layout-flex\">\n<figure class=\"wp-block-image size-full\"><img loading=\"lazy\" decoding=\"async\" width=\"164\" height=\"90\" data-id=\"313\" src=\"https:\/\/exa.com.tr\/wp-content\/uploads\/03_GameGaraj-1.jpg\" alt=\"\" class=\"wp-image-313\"\/><\/figure>\n<\/figure>\n\n\n\n<figure class=\"wp-block-image size-full\"><img loading=\"lazy\" decoding=\"async\" width=\"164\" height=\"90\" src=\"https:\/\/exa.com.tr\/wp-content\/uploads\/Slayer.jpg\" alt=\"\" class=\"wp-image-975\"\/><\/figure>\n<\/div>\n\n\n\n<div class=\"wp-block-columns is-layout-flex wp-container-core-columns-is-layout-28f84493 wp-block-columns-is-layout-flex\">\n<div class=\"wp-block-column is-layout-flow wp-block-column-is-layout-flow\" style=\"flex-basis:100%\">\n<p class=\"has-contrast-3-background-color has-background\"><strong>\u0130leti\u015fim Bilgileri<\/strong><\/p>\n<\/div>\n<\/div>\n\n\n\n<p><strong><a href=\"https:\/\/www.google.com\/search?sca_esv=8d0681f1a4a4235b&amp;sxsrf=AE3TifOOR6QzyYYZvnV58-8hDV19XDjImQ:1762431000657&amp;q=gamegaraj+adres&amp;ludocid=13692151454287001267&amp;sa=X&amp;ved=2ahUKEwjf2fCNv92QAxWXcvEDHZ98O_MQ6BN6BAhOEAI\">Adres<\/a>:&nbsp;<\/strong><a href=\"https:\/\/www.google.com\/maps\/place\/\/data=!4m2!3m1!1s0x14cac91d83ac2199:0xbe044b341b9ff6b3?sa=X&amp;ved=1t:8290&amp;ictx=111\">K\u0131s\u0131kl\u0131, Alemda\u011f Cd NO:67\/68, 34692 \u00dcsk\u00fcdar\/\u0130stanbul<\/a><\/p>\n\n\n\n<p><strong><a href=\"https:\/\/www.google.com\/search?sca_esv=8d0681f1a4a4235b&amp;sxsrf=AE3TifNVEwoVc_9p6psTWrVzg--96AnOag:1762430852414&amp;q=gamegaraj+telefon&amp;ludocid=13692151454287001267&amp;sa=X&amp;ved=2ahUKEwjty5jHvt2QAxV4c_EDHZNdF0sQ6BN6BAhZEAI\">Telefon<\/a>:&nbsp;<\/strong><a href=\"https:\/\/www.google.com\/search?q=gamegaraj&amp;sca_esv=8d0681f1a4a4235b&amp;sxsrf=AE3TifPgmsqT0wfAouKbxsGrJp22E4_20Q%3A1762430793410&amp;ei=SY8MaZXdGMyVxc8P5NOu2A8&amp;oq=game&amp;gs_lp=Egxnd3Mtd2l6LXNlcnAiBGdhbWUqAggAMgsQABiABBixAxiDATILEAAYgAQYsQMYgwEyCxAAGIAEGLEDGIMBMgsQABiABBixAxiDATILEAAYgAQYsQMYgwEyERAAGIAEGLEDGIMBGIoFGI0GMggQLhiABBixAzIFEAAYgAQyChAAGIAEGEMYigUyBRAAGIAESMsRUABYrwRwAHgBkAEAmAHjAaAB8wSqAQUwLjMuMbgBA8gBAPgBAZgCBKAChwXCAgsQLhiABBixAxiDAcICERAuGIAEGLEDGNEDGIMBGMcBwgIOEAAYgAQYsQMYgwEYigWYAwCSBwUwLjMuMaAHkh-yBwUwLjMuMbgHhwXCBwUwLjIuMsgHDQ&amp;sclient=gws-wiz-serp#\">0850 228 5424<\/a>  &#8211; <a href=\"https:\/\/www.google.com\/search?q=game+garaj+teknik+servis&amp;sca_esv=8d0681f1a4a4235b&amp;sxsrf=AE3TifNVQOLiUNji9ZViIl3pQJExtpRwiA%3A1762428999738&amp;ei=R4gMaZHXLI2M7NYP4PKzyQM&amp;gs_ssp=eJzj4tVP1zc0zLLIzqgyNo03YLRSNagwNElOTLY0TLEwTkw2MrS0tDKoSEo1MDFJMjYxTLJMSzNLMvaSSE_MTVVITyxKzFIoSc3Oy8xWKE4tKsssBgCY7xh7&amp;oq=game&amp;gs_lp=Egxnd3Mtd2l6LXNlcnAiBGdhbWUqAggAMhMQLhiABBhDGMcBGIoFGI4FGK8BMgoQABiABBhDGIoFMhMQLhiABBhDGMcBGIoFGI4FGK8BMhAQABiABBixAxhDGIMBGIoFMgoQABiABBhDGIoFMggQLhiABBixAzIQEAAYgAQYsQMYQxiDARiKBTILEAAYgAQYsQMYgwEyBRAAGIAEMgsQABiABBixAxiDATIiEC4YgAQYQxjHARiKBRiOBRivARiXBRjcBBjeBBjgBNgBAUjQGFAAWLgEcAB4AZABAJgBwAGgAZUFqgEDMC40uAEByAEA-AEBmAIFoALEGcICCxAuGIAEGLEDGIMBwgIREC4YgAQYsQMY0QMYgwEYxwHCAg4QABiABBixAxiDARiKBcICGhAuGIAEGLEDGIMBGJcFGNwEGN4EGOAE2AEBwgIQEC4YgAQYsQMYQxiDARiKBcICHxAuGIAEGLEDGEMYgwEYigUYlwUY3AQY3gQY4ATYAQGYAwC6BgYIARABGBSSBwcwLjQuOC0xoAeQNrIHAzAuNLgHtAXCBwUwLjEuNMgHGg&amp;sclient=gws-wiz-serp\" data-type=\"link\" data-id=\"https:\/\/www.google.com\/search?q=game+garaj+teknik+servis&amp;sca_esv=8d0681f1a4a4235b&amp;sxsrf=AE3TifNVQOLiUNji9ZViIl3pQJExtpRwiA%3A1762428999738&amp;ei=R4gMaZHXLI2M7NYP4PKzyQM&amp;gs_ssp=eJzj4tVP1zc0zLLIzqgyNo03YLRSNagwNElOTLY0TLEwTkw2MrS0tDKoSEo1MDFJMjYxTLJMSzNLMvaSSE_MTVVITyxKzFIoSc3Oy8xWKE4tKsssBgCY7xh7&amp;oq=game&amp;gs_lp=Egxnd3Mtd2l6LXNlcnAiBGdhbWUqAggAMhMQLhiABBhDGMcBGIoFGI4FGK8BMgoQABiABBhDGIoFMhMQLhiABBhDGMcBGIoFGI4FGK8BMhAQABiABBixAxhDGIMBGIoFMgoQABiABBhDGIoFMggQLhiABBixAzIQEAAYgAQYsQMYQxiDARiKBTILEAAYgAQYsQMYgwEyBRAAGIAEMgsQABiABBixAxiDATIiEC4YgAQYQxjHARiKBRiOBRivARiXBRjcBBjeBBjgBNgBAUjQGFAAWLgEcAB4AZABAJgBwAGgAZUFqgEDMC40uAEByAEA-AEBmAIFoALEGcICCxAuGIAEGLEDGIMBwgIREC4YgAQYsQMY0QMYgwEYxwHCAg4QABiABBixAxiDARiKBcICGhAuGIAEGLEDGIMBGJcFGNwEGN4EGOAE2AEBwgIQEC4YgAQYsQMYQxiDARiKBcICHxAuGIAEGLEDGEMYgwEYigUYlwUY3AQY3gQY4ATYAQGYAwC6BgYIARABGBSSBwcwLjQuOC0xoAeQNrIHAzAuNLgHtAXCBwUwLjEuNMgHGg&amp;sclient=gws-wiz-serp\">0216 912 11 54<\/a> <\/p>\n\n\n\n<p>Dahili: (116-117-118)<\/p>\n\n\n\n<div class=\"wp-block-columns is-layout-flex wp-container-core-columns-is-layout-28f84493 wp-block-columns-is-layout-flex\">\n<div class=\"wp-block-column is-layout-flow wp-block-column-is-layout-flow\"><\/div>\n<\/div>\n\n\n\n<div class=\"wp-block-columns is-layout-flex wp-container-core-columns-is-layout-28f84493 wp-block-columns-is-layout-flex\">\n<div class=\"wp-block-column is-layout-flow wp-block-column-is-layout-flow\" style=\"flex-basis:100%\">\n<p class=\"has-contrast-3-background-color has-background\"><strong>BDH Bili\u015fim Destek Hizmetleri<\/strong><\/p>\n<\/div>\n<\/div>\n\n\n\n<div class=\"wp-block-group is-layout-grid wp-container-core-group-is-layout-acc8bb78 wp-block-group-is-layout-grid\">\n<figure class=\"wp-block-gallery has-nested-images columns-default is-cropped wp-block-gallery-3 is-layout-flex wp-block-gallery-is-layout-flex\">\n<figure class=\"wp-block-image size-full\"><img loading=\"lazy\" decoding=\"async\" width=\"164\" height=\"90\" data-id=\"878\" src=\"https:\/\/exa.com.tr\/wp-content\/uploads\/Erazer.jpg\" alt=\"\" class=\"wp-image-878\"\/><\/figure>\n<\/figure>\n\n\n\n<figure class=\"wp-block-gallery has-nested-images columns-default is-cropped wp-block-gallery-4 is-layout-flex wp-block-gallery-is-layout-flex\">\n<figure class=\"wp-block-image size-large\"><img loading=\"lazy\" decoding=\"async\" width=\"150\" height=\"90\" data-id=\"1046\" src=\"https:\/\/exa.com.tr\/wp-content\/uploads\/Medion_Logo-1.jpg\" alt=\"\" class=\"wp-image-1046\"\/><\/figure>\n<\/figure>\n<\/div>\n\n\n\n<div class=\"wp-block-columns is-layout-flex wp-container-core-columns-is-layout-28f84493 wp-block-columns-is-layout-flex\">\n<div class=\"wp-block-column is-layout-flow wp-block-column-is-layout-flow\" style=\"flex-basis:100%\">\n<p class=\"has-contrast-3-background-color has-background\"><strong>\u0130leti\u015fim Bilgileri<\/strong><\/p>\n<\/div>\n<\/div>\n\n\n\n<p><strong><a href=\"https:\/\/www.google.com\/search?sca_esv=8d0681f1a4a4235b&amp;sxsrf=AE3TifP-eaNoFJFdkE5GyfATpEXmvl6KKg:1762430885087&amp;q=bdh+bili%C5%9Fim+destek+hizmetleri+adres&amp;ludocid=10335702570748908551&amp;sa=X&amp;ved=2ahUKEwjg8eLWvt2QAxVjBdsEHZnjJ5MQ6BN6BAgnEAI\">Adres<\/a>:&nbsp;<\/strong><a href=\"https:\/\/www.google.com\/maps\/place\/\/data=!4m2!3m1!1s0x14cac5f52f25cc7b:0x8f6fcaba29949407?sa=X&amp;ved=1t:8290&amp;ictx=111\">Ba\u011flarba\u015f\u0131, Cemal Bey Cd. No:110, 34844 Maltepe\/\u0130stanbul<\/a><\/p>\n\n\n\n<p><strong>Telefon:&nbsp;<\/strong><a href=\"https:\/\/www.google.com\/search?q=bdh+maltepe&amp;sca_esv=8d0681f1a4a4235b&amp;sxsrf=AE3TifNVEwoVc_9p6psTWrVzg--96AnOag%3A1762430852414&amp;ei=hI8Mae35GPjmxc8Pk7vd2AQ&amp;gs_ssp=eJzj4tVP1zc0zDApKMwrLs4xYLRSNagwNElOTDZNMzVKMzJNTjZPsjKosEgzS0tOTEo0srQ0sTQxMPfiTkrJUMhNzClJLUgFAKVRFEg&amp;oq=bdh&amp;gs_lp=Egxnd3Mtd2l6LXNlcnAiA2JkaCoCCAAyCxAuGIAEGMcBGK8BMgsQABiABBixAxiDATIFEAAYgAQyBRAAGIAEMgUQABiABDIFEAAYgAQyBRAAGIAEMgsQLhiABBjHARivATIFEAAYgAQyBRAAGIAEMhoQLhiABBjHARivARiXBRjcBBjeBBjgBNgBAUi9GVAAWNQGcAB4AZABAJgBjQGgAZcDqgEDMC4zuAEByAEA-AEBmAIDoAK1A8ICChAAGIAEGEMYigXCAhAQLhiABBjRAxhDGMcBGIoFwgIOEAAYgAQYsQMYgwEYigXCAhcQLhiABBixAxiDARjHARiKBRiOBRivAcICCBAuGIAEGLEDwgILEC4YgAQYsQMYgwHCAhEQLhiABBixAxjRAxiDARjHAcICDhAuGIAEGMcBGI4FGK8BmAMAugYGCAEQARgUkgcDMC4zoAe3J7IHAzAuM7gHtQPCBwMyLTPIBxM&amp;sclient=gws-wiz-serp#\">(0216) 500 17 00<\/a><\/p>\n\n\n\n<p><\/p>\n","protected":false},"excerpt":{"rendered":"<p>Eksa Elektronik Teknik Servis \u0130leti\u015fim Bilgileri Adres:&nbsp;K\u0131s\u0131kl\u0131, Alemda\u011f Cd 56\/B, 34692 \u00dcsk\u00fcdar\/\u0130stanbul Telefon:&nbsp;(0216) 524 99 99 Game Garaj Teknik Servis \u0130leti\u015fim Bilgileri Adres:&nbsp;K\u0131s\u0131kl\u0131, Alemda\u011f Cd NO:67\/68, 34692 \u00dcsk\u00fcdar\/\u0130stanbul Telefon:&nbsp;0850 228 5424 &#8211; 0216 912 11 54 Dahili: (116-117-118) BDH Bili\u015fim Destek Hizmetleri \u0130leti\u015fim Bilgileri Adres:&nbsp;Ba\u011flarba\u015f\u0131, Cemal Bey Cd. No:110, 34844 Maltepe\/\u0130stanbul Telefon:&nbsp;(0216) 500 17 00<\/p>\n","protected":false},"author":1,"featured_media":0,"parent":0,"menu_order":0,"comment_status":"closed","ping_status":"closed","template":"","meta":{"footnotes":""},"class_list":["post-329","page","type-page","status-publish","hentry"],"_links":{"self":[{"href":"https:\/\/exa.com.tr\/index.php\/wp-json\/wp\/v2\/pages\/329","targetHints":{"allow":["GET"]}}],"collection":[{"href":"https:\/\/exa.com.tr\/index.php\/wp-json\/wp\/v2\/pages"}],"about":[{"href":"https:\/\/exa.com.tr\/index.php\/wp-json\/wp\/v2\/types\/page"}],"author":[{"embeddable":true,"href":"https:\/\/exa.com.tr\/index.php\/wp-json\/wp\/v2\/users\/1"}],"replies":[{"embeddable":true,"href":"https:\/\/exa.com.tr\/index.php\/wp-json\/wp\/v2\/comments?post=329"}],"version-history":[{"count":12,"href":"https:\/\/exa.com.tr\/index.php\/wp-json\/wp\/v2\/pages\/329\/revisions"}],"predecessor-version":[{"id":1047,"href":"https:\/\/exa.com.tr\/index.php\/wp-json\/wp\/v2\/pages\/329\/revisions\/1047"}],"wp:attachment":[{"href":"https:\/\/exa.com.tr\/index.php\/wp-json\/wp\/v2\/media?parent=329"}],"curies":[{"name":"wp","href":"https:\/\/api.w.org\/{rel}","templated":true}]}}