{"id":288,"date":"2024-08-02T12:17:29","date_gmt":"2024-08-02T09:17:29","guid":{"rendered":"http:\/\/test.eksa.com.tr\/?page_id=288"},"modified":"2024-08-26T13:33:45","modified_gmt":"2024-08-26T10:33:45","slug":"exa-h24b-v2-h24s-v2-238-aio-pc-beyaz-siyah","status":"publish","type":"page","link":"https:\/\/exa.com.tr\/index.php\/exa-h24b-v2-h24s-v2-238-aio-pc-beyaz-siyah\/","title":{"rendered":"EXA H24B-V2 \/H24S-V2 23,8\u201d AIO PC (BEYAZ \/ S\u0130YAH)"},"content":{"rendered":"\n<div aria-live=\"polite\" id=\"soliloquy-container-322\" class=\"soliloquy-container soliloquy-transition-fade  soliloquy-theme-base\" style=\"max-width:500px;max-height:500px;\"><ul id=\"soliloquy-322\" class=\"soliloquy-slider soliloquy-slides soliloquy-wrap soliloquy-clear\"><li aria-hidden=\"true\" class=\"soliloquy-item soliloquy-item-1 soliloquy-image-slide\" draggable=\"false\" style=\"list-style:none\"><img decoding=\"async\" id=\"soliloquy-image-289\" class=\"soliloquy-image soliloquy-image-1\" src=\"https:\/\/exa.com.tr\/wp-content\/uploads\/beyaz1.jpg\" alt=\"beyaz1\" \/><\/li><li aria-hidden=\"true\" class=\"soliloquy-item soliloquy-item-2 soliloquy-image-slide\" draggable=\"false\" style=\"list-style:none\"><img decoding=\"async\" id=\"soliloquy-image-291\" class=\"soliloquy-image soliloquy-image-2\" src=\"https:\/\/exa.com.tr\/wp-content\/uploads\/beyaz2.jpg\" alt=\"beyaz2\" \/><\/li><li aria-hidden=\"true\" class=\"soliloquy-item soliloquy-item-3 soliloquy-image-slide\" draggable=\"false\" style=\"list-style:none\"><img decoding=\"async\" id=\"soliloquy-image-290\" class=\"soliloquy-image soliloquy-image-3\" src=\"https:\/\/exa.com.tr\/wp-content\/uploads\/beyaz5.jpg\" alt=\"beyaz5\" \/><\/li><li aria-hidden=\"true\" class=\"soliloquy-item soliloquy-item-4 soliloquy-image-slide\" draggable=\"false\" style=\"list-style:none\"><img decoding=\"async\" id=\"soliloquy-image-293\" class=\"soliloquy-image soliloquy-image-4\" src=\"https:\/\/exa.com.tr\/wp-content\/uploads\/beyaz7.jpg\" alt=\"beyaz7\" \/><\/li><li aria-hidden=\"true\" class=\"soliloquy-item soliloquy-item-5 soliloquy-image-slide\" draggable=\"false\" style=\"list-style:none\"><img decoding=\"async\" id=\"soliloquy-image-292\" class=\"soliloquy-image soliloquy-image-5\" src=\"https:\/\/exa.com.tr\/wp-content\/uploads\/beyaz4.jpg\" alt=\"beyaz4\" \/><\/li><li aria-hidden=\"true\" class=\"soliloquy-item soliloquy-item-6 soliloquy-image-slide\" draggable=\"false\" style=\"list-style:none\"><img decoding=\"async\" id=\"soliloquy-image-294\" class=\"soliloquy-image soliloquy-image-6\" src=\"https:\/\/exa.com.tr\/wp-content\/uploads\/beyaz3.jpg\" alt=\"beyaz3\" \/><\/li><li aria-hidden=\"true\" class=\"soliloquy-item soliloquy-item-7 soliloquy-image-slide\" draggable=\"false\" style=\"list-style:none\"><img decoding=\"async\" id=\"soliloquy-image-298\" class=\"soliloquy-image soliloquy-image-7\" src=\"https:\/\/exa.com.tr\/wp-content\/uploads\/beyaz6.jpg\" alt=\"beyaz6\" \/><\/li><li aria-hidden=\"true\" class=\"soliloquy-item soliloquy-item-8 soliloquy-image-slide\" draggable=\"false\" style=\"list-style:none\"><img decoding=\"async\" id=\"soliloquy-image-297\" class=\"soliloquy-image soliloquy-image-8\" src=\"https:\/\/exa.com.tr\/wp-content\/uploads\/siyah7.jpg\" alt=\"siyah7\" \/><\/li><li aria-hidden=\"true\" class=\"soliloquy-item soliloquy-item-9 soliloquy-image-slide\" draggable=\"false\" style=\"list-style:none\"><img decoding=\"async\" id=\"soliloquy-image-296\" class=\"soliloquy-image soliloquy-image-9\" src=\"https:\/\/exa.com.tr\/wp-content\/uploads\/siyah1.jpg\" alt=\"siyah1\" \/><\/li><li aria-hidden=\"true\" class=\"soliloquy-item soliloquy-item-10 soliloquy-image-slide\" draggable=\"false\" style=\"list-style:none\"><img decoding=\"async\" id=\"soliloquy-image-295\" class=\"soliloquy-image soliloquy-image-10\" src=\"https:\/\/exa.com.tr\/wp-content\/uploads\/siyah8.jpg\" alt=\"siyah8\" \/><\/li><li aria-hidden=\"true\" class=\"soliloquy-item soliloquy-item-11 soliloquy-image-slide\" draggable=\"false\" style=\"list-style:none\"><img decoding=\"async\" id=\"soliloquy-image-299\" class=\"soliloquy-image soliloquy-image-11\" src=\"https:\/\/exa.com.tr\/wp-content\/uploads\/siyah6.jpg\" alt=\"siyah6\" \/><\/li><li aria-hidden=\"true\" class=\"soliloquy-item soliloquy-item-12 soliloquy-image-slide\" draggable=\"false\" style=\"list-style:none\"><img decoding=\"async\" id=\"soliloquy-image-301\" class=\"soliloquy-image soliloquy-image-12\" src=\"https:\/\/exa.com.tr\/wp-content\/uploads\/siyah2.jpg\" alt=\"siyah2\" \/><\/li><li aria-hidden=\"true\" class=\"soliloquy-item soliloquy-item-13 soliloquy-image-slide\" draggable=\"false\" style=\"list-style:none\"><img decoding=\"async\" id=\"soliloquy-image-300\" class=\"soliloquy-image soliloquy-image-13\" src=\"https:\/\/exa.com.tr\/wp-content\/uploads\/siyah4.jpg\" alt=\"siyah4\" \/><\/li><li aria-hidden=\"true\" class=\"soliloquy-item soliloquy-item-14 soliloquy-image-slide\" draggable=\"false\" style=\"list-style:none\"><img decoding=\"async\" id=\"soliloquy-image-303\" class=\"soliloquy-image soliloquy-image-14\" src=\"https:\/\/exa.com.tr\/wp-content\/uploads\/siyah3.jpg\" alt=\"siyah3\" \/><\/li><li aria-hidden=\"true\" class=\"soliloquy-item soliloquy-item-15 soliloquy-image-slide\" draggable=\"false\" style=\"list-style:none\"><img decoding=\"async\" id=\"soliloquy-image-302\" class=\"soliloquy-image soliloquy-image-15\" src=\"https:\/\/exa.com.tr\/wp-content\/uploads\/siyah5.jpg\" alt=\"siyah5\" \/><\/li><\/ul><\/div><noscript><style type=\"text\/css\">#soliloquy-container-322{opacity:1}<\/style><\/noscript>\n\n\n\n<p>Siyah rengi ile siyah severlere hitap eden H24S modeli, Beyaz rengi ile beyaz severlere hitap eden H24B modeli 23,8&#8243; FULL HD ekran\u0131 ve ince \u00e7er\u00e7evesi ile daha geni\u015f g\u00f6r\u00fc\u015f alan\u0131 sunar. 12.Nesil Intel serisi i\u015flemciler ile ihtiya\u00e7 duydu\u011funuz performansa sahip olabilirsiniz.<\/p>\n\n\n\n<div id=\"teknik\" class=\"tab-pane fade active in\">\n                                 <h3>Teknik \u00d6zellikler<\/h3>\n                                 <table width=\"100%\" border=\"0\">\n  <tbody><tr style=\"background-color: #F2F2F2\">\n    <td style=\"font-size:14px; font-weight:bold\">\u00dcr\u00fcn Kodu:<\/td>\n    <td style=\"text-align:left; font-size:14px;\">H24B-V2\/H24S-V2 (BEYAZ \/ S\u0130YAH)<\/td>\n  <\/tr>\n  <tr>\n    <td style=\"font-size:14px; font-weight:bold\">Renk:<\/td>\n    <td style=\"text-align:left; font-size:14px;\">Beyaz \/ Siyah<\/td>\n  <\/tr>\n  <tr style=\"background-color: #F2F2F2\">\n    <td style=\"font-size:14px; font-weight:bold\">LCD:<\/td>\n    <td style=\"text-align:left; font-size:14px;\">23,8&#8243; LED Slim Frame Design<\/td>\n  <\/tr>\n  <tr>\n    <td style=\"font-size:14px; font-weight:bold\">\u00c7\u00f6z\u00fcn\u00fcrl\u00fck:<\/td>\n    <td style=\"text-align:left; font-size:14px;\">1920 x 1080 FULL HD<\/td>\n  <\/tr>\n  <tr style=\"background-color: #F2F2F2\">\n    <td style=\"font-size:14px; font-weight:bold\">Parlama:<\/td>\n    <td style=\"text-align:left; font-size:14px;\">Parlamas\u0131z (non-Glare)<\/td>\n  <\/tr>\n  <tr>\n    <td style=\"font-size:14px; font-weight:bold\">Dokunmatik:<\/td>\n    <td style=\"text-align:left; font-size:14px;\">Yok<\/td>\n  <\/tr>\n  <tr style=\"background-color: #F2F2F2\">\n    <td style=\"font-size:14px; font-weight:bold\">\u0130\u015flemci:<\/td>\n    <td style=\"text-align:left; font-size:14px;\">12. Nesil Intel\u00ae Celeron, Pentium, Corei3, Core i5, Core i7 deste\u011fi<\/td>\n  <\/tr>\n  <tr>\n    <td style=\"font-size:14px; font-weight:bold\">Bellek:<\/td>\n    <td style=\"text-align:left; font-size:14px;\">2 x DDR4 3200MHz SODIMM , max 32GB<\/td>\n  <\/tr>\n  <tr style=\"background-color: #F2F2F2\">\n    <td style=\"font-size:14px; font-weight:bold\">G\u00fc\u00e7:<\/td>\n    <td style=\"text-align:left; font-size:14px;\">19V \/ 6.3A  Adapt\u00f6r ile<\/td>\n  <\/tr>\n  <tr>\n    <td style=\"font-size:14px; font-weight:bold\">Wireless:<\/td>\n    <td style=\"text-align:left; font-size:14px;\">RTL8821CE m.2 2230 Wireless AC + Bluetooth 4.2<\/td>\n  <\/tr>\n  <tr style=\"background-color: #F2F2F2\">\n    <td style=\"font-size:14px; font-weight:bold\">Webcam:<\/td>\n    <td style=\"text-align:left; font-size:14px;\">3.0 mega pixels<\/td>\n  <\/tr>\n  <tr>\n    <td style=\"font-size:14px; font-weight:bold\">Optik S\u00fcr\u00fcc\u00fc:<\/td>\n    <td style=\"text-align:left; font-size:14px;\">Yok<\/td>\n  <\/tr>\n  <tr style=\"background-color: #F2F2F2\">\n    <td style=\"font-size:14px; font-weight:bold\">Klavye &amp; Mouse:<\/td>\n    <td style=\"text-align:left; font-size:14px;\">Yok<\/td>\n  <\/tr>\n  <tr>\n    <td style=\"font-size:14px; font-weight:bold\">Chipset:<\/td>\n    <td style=\"text-align:left; font-size:14px;\">Intel\u00ae&nbsp;H610 Express Chipset<\/td>\n  <\/tr>\n  <tr style=\"background-color: #F2F2F2\">\n    <td style=\"font-size:14px; font-weight:bold\">Geni\u015fleme:<\/td>\n    <td style=\"text-align:left; font-size:14px;\">1 x M.2 slot for SSD<br>\nFor 2280\/2260 (SATA\/PCIe Gen2) SSD<br>1 x M.2 slot for WiFi\/BT PCIe Gen 2<\/td>\n  <\/tr>\n  <tr>\n    <td style=\"font-size:14px; font-weight:bold\">Depolama:<\/td>\n    <td style=\"text-align:left; font-size:14px;\">1 x Serial ATAIII 6Gb\/s<\/td>\n  <\/tr>\n  <tr style=\"background-color: #F2F2F2\">\n    <td style=\"font-size:14px; font-weight:bold\">LAN:<\/td>\n    <td style=\"text-align:left; font-size:14px;\">Gigabit Ethernet Controller<\/td>\n  <\/tr>\n  <tr>\n    <td style=\"font-size:14px; font-weight:bold\">Ba\u011flant\u0131lar-Yan:<\/td>\n    <td style=\"text-align:left; font-size:14px;\">2 x USB 2.0 ,  G\u00fc\u00e7 D\u00fc\u011fmesi<\/td>\n  <\/tr>\n  <tr style=\"background-color: #F2F2F2\">\n    <td style=\"font-size:14px; font-weight:bold\">Ba\u011flant\u0131lar:<\/td>\n    <td style=\"text-align:left; font-size:14px;\">4 x USB 3.0, 1 x RJ45, Audio-out, Mic-in, 1 x Seri Port, 1 x HDMI, <\/td>\n  <\/tr>\n  <tr>\n    <td style=\"font-size:14px; font-weight:bold\">\u0130\u015fletim Sistemi Deste\u011fi:<\/td>\n    <td style=\"text-align:left; font-size:14px;\">Windows 10 64-bit<\/td>\n  <\/tr>\n  <tr style=\"background-color: #F2F2F2\">\n    <td style=\"font-size:14px; font-weight:bold\">Hoparl\u00f6r:<\/td>\n    <td style=\"text-align:left; font-size:14px;\">2x 8\u03a9-3W<\/td>\n  <\/tr>\n  \n<\/tbody><\/table>\n                            <\/div>\n\n\n\n<h4 class=\"wp-block-heading\">\u00dcr\u00fcn \u00d6zellikleri<\/h4>\n\n\n\n<div class=\"wp-block-group has-contrast-3-background-color has-background has-global-padding is-layout-constrained wp-container-core-group-is-layout-86dba5ee wp-block-group-is-layout-constrained\" style=\"padding-top:var(--wp--preset--spacing--10);padding-right:var(--wp--preset--spacing--10);padding-bottom:var(--wp--preset--spacing--10);padding-left:var(--wp--preset--spacing--10)\">\n<div class=\"wp-block-group is-nowrap is-layout-flex wp-container-core-group-is-layout-6c531013 wp-block-group-is-layout-flex\">\n<p><strong>\u00dcr\u00fcn Kodu<\/strong><\/p>\n\n\n\n<p class=\"has-text-align-right wp-container-content-9cfa9a5a\">H24B-V2\/H24S-V2 (BEYAZ \/ S\u0130YAH)<\/p>\n<\/div>\n<\/div>\n\n\n\n<div class=\"wp-block-group has-contrast-3-background-color has-background has-global-padding is-layout-constrained wp-container-core-group-is-layout-86dba5ee wp-block-group-is-layout-constrained\" style=\"padding-top:var(--wp--preset--spacing--10);padding-right:var(--wp--preset--spacing--10);padding-bottom:var(--wp--preset--spacing--10);padding-left:var(--wp--preset--spacing--10)\">\n<div class=\"wp-block-group is-nowrap is-layout-flex wp-container-core-group-is-layout-6c531013 wp-block-group-is-layout-flex\">\n<p><strong>Renk<\/strong><\/p>\n\n\n\n<p class=\"has-text-align-right wp-container-content-9cfa9a5a\">Beyaz \/ Siyah<\/p>\n<\/div>\n<\/div>\n\n\n\n<div class=\"wp-block-buttons is-layout-flex wp-block-buttons-is-layout-flex\">\n<div class=\"wp-block-button\"><a class=\"wp-block-button__link has-accent-3-background-color has-background wp-element-button\" href=\"\/index.php\/suruculer\/#AIOPC\">S\u00fcr\u00fcc\u00fcler<\/a><\/div>\n<\/div>\n","protected":false},"excerpt":{"rendered":"<p>Siyah rengi ile siyah severlere hitap eden H24S modeli, Beyaz rengi ile beyaz severlere hitap eden H24B modeli 23,8&#8243; FULL HD ekran\u0131 ve ince \u00e7er\u00e7evesi ile daha geni\u015f g\u00f6r\u00fc\u015f alan\u0131 sunar. 12.Nesil Intel serisi i\u015flemciler ile ihtiya\u00e7 duydu\u011funuz performansa sahip olabilirsiniz. Teknik \u00d6zellikler \u00dcr\u00fcn Kodu: H24B-V2\/H24S-V2 (BEYAZ \/ S\u0130YAH) Renk: Beyaz \/ Siyah LCD: 23,8&#8243; [&hellip;]<\/p>\n","protected":false},"author":1,"featured_media":0,"parent":0,"menu_order":0,"comment_status":"closed","ping_status":"closed","template":"","meta":{"footnotes":""},"class_list":["post-288","page","type-page","status-publish","hentry"],"_links":{"self":[{"href":"https:\/\/exa.com.tr\/index.php\/wp-json\/wp\/v2\/pages\/288","targetHints":{"allow":["GET"]}}],"collection":[{"href":"https:\/\/exa.com.tr\/index.php\/wp-json\/wp\/v2\/pages"}],"about":[{"href":"https:\/\/exa.com.tr\/index.php\/wp-json\/wp\/v2\/types\/page"}],"author":[{"embeddable":true,"href":"https:\/\/exa.com.tr\/index.php\/wp-json\/wp\/v2\/users\/1"}],"replies":[{"embeddable":true,"href":"https:\/\/exa.com.tr\/index.php\/wp-json\/wp\/v2\/comments?post=288"}],"version-history":[{"count":6,"href":"https:\/\/exa.com.tr\/index.php\/wp-json\/wp\/v2\/pages\/288\/revisions"}],"predecessor-version":[{"id":832,"href":"https:\/\/exa.com.tr\/index.php\/wp-json\/wp\/v2\/pages\/288\/revisions\/832"}],"wp:attachment":[{"href":"https:\/\/exa.com.tr\/index.php\/wp-json\/wp\/v2\/media?parent=288"}],"curies":[{"name":"wp","href":"https:\/\/api.w.org\/{rel}","templated":true}]}}