{"id":253,"date":"2024-08-02T10:10:06","date_gmt":"2024-08-02T07:10:06","guid":{"rendered":"http:\/\/test.eksa.com.tr\/?page_id=253"},"modified":"2024-08-02T16:49:40","modified_gmt":"2024-08-02T13:49:40","slug":"haberler","status":"publish","type":"page","link":"https:\/\/exa.com.tr\/index.php\/haberler\/","title":{"rendered":"Haberler"},"content":{"rendered":"\n<div class=\"wp-block-query is-layout-flow wp-block-query-is-layout-flow\"><ul class=\"wp-block-post-template has-medium-font-size is-layout-flow wp-block-post-template-is-layout-flow\"><li class=\"wp-block-post post-924 post type-post status-publish format-standard has-post-thumbnail hentry category-genel\">\n\n<div class=\"wp-block-columns alignwide is-layout-flex wp-container-core-columns-is-layout-3851daee wp-block-columns-is-layout-flex\" style=\"margin-top:var(--wp--preset--spacing--50);margin-bottom:var(--wp--preset--spacing--50)\">\n<div class=\"wp-block-column is-vertically-aligned-top is-layout-flow wp-block-column-is-layout-flow\" style=\"border-style:none;border-width:0px;flex-basis:35%\"><figure style=\"aspect-ratio:auto;\" class=\"wp-block-post-featured-image\"><a href=\"https:\/\/exa.com.tr\/index.php\/2024-yili-dagitim-kanallari-satis-birincisi\/\" target=\"_self\"  ><img loading=\"lazy\" decoding=\"async\" width=\"1000\" height=\"666\" src=\"https:\/\/exa.com.tr\/wp-content\/uploads\/Makelsanl.jpg\" class=\"attachment-post-thumbnail size-post-thumbnail wp-post-image\" alt=\"&#8220;2024 Y\u0131l\u0131 Da\u011f\u0131t\u0131m Kanallar\u0131 Sat\u0131\u015f Birincisi&#8221;\" style=\"border-radius:0px;border-style:none;border-width:0px;width:100%;height:100%;object-fit:cover;\" srcset=\"https:\/\/exa.com.tr\/wp-content\/uploads\/Makelsanl.jpg 1000w, https:\/\/exa.com.tr\/wp-content\/uploads\/Makelsanl-300x200.jpg 300w, https:\/\/exa.com.tr\/wp-content\/uploads\/Makelsanl-768x511.jpg 768w\" sizes=\"auto, (max-width: 1000px) 100vw, 1000px\" \/><\/a><\/figure><\/div>\n\n\n\n<div class=\"wp-block-column is-layout-flow wp-block-column-is-layout-flow\" style=\"flex-basis:80%\"><h4 class=\"wp-block-post-title\"><a href=\"https:\/\/exa.com.tr\/index.php\/2024-yili-dagitim-kanallari-satis-birincisi\/\" target=\"_self\" >&#8220;2024 Y\u0131l\u0131 Da\u011f\u0131t\u0131m Kanallar\u0131 Sat\u0131\u015f Birincisi&#8221;<\/a><\/h4>\n\n<div class=\"wp-block-post-excerpt\"><p class=\"wp-block-post-excerpt__excerpt\">Aytemiz Makelsan markas\u0131n\u0131n 2024 Y\u0131l\u0131 Da\u011f\u0131t\u0131m Kanallar\u0131 Sat\u0131\u015f birincisi olduk! Ba\u015far\u0131n\u0131n bir par\u00e7as\u0131 olan t\u00fcm ekip arkada\u015flar\u0131m\u0131za ve i\u015f ortaklar\u0131m\u0131zate\u015fekk\u00fcr ediyor, birlikte daha b\u00fcy\u00fck hedeflere ula\u015fmay\u0131 diliyoruz. <\/p><\/div><\/div>\n<\/div>\n\n<\/li><li class=\"wp-block-post post-912 post type-post status-publish format-standard has-post-thumbnail hentry category-genel\">\n\n<div class=\"wp-block-columns alignwide is-layout-flex wp-container-core-columns-is-layout-3851daee wp-block-columns-is-layout-flex\" style=\"margin-top:var(--wp--preset--spacing--50);margin-bottom:var(--wp--preset--spacing--50)\">\n<div class=\"wp-block-column is-vertically-aligned-top is-layout-flow wp-block-column-is-layout-flow\" style=\"border-style:none;border-width:0px;flex-basis:35%\"><figure style=\"aspect-ratio:auto;\" class=\"wp-block-post-featured-image\"><a href=\"https:\/\/exa.com.tr\/index.php\/katma-degerli-ara-dagiticieksa-elektronik\/\" target=\"_self\"  ><img loading=\"lazy\" decoding=\"async\" width=\"1000\" height=\"666\" src=\"https:\/\/exa.com.tr\/wp-content\/uploads\/Dell_Odulu.jpg\" class=\"attachment-post-thumbnail size-post-thumbnail wp-post-image\" alt=\"Katma De\u011ferli Ara Da\u011f\u0131t\u0131c\u0131;Eksa Elektronik!\" style=\"border-radius:0px;border-style:none;border-width:0px;width:100%;height:100%;object-fit:cover;\" srcset=\"https:\/\/exa.com.tr\/wp-content\/uploads\/Dell_Odulu.jpg 1000w, https:\/\/exa.com.tr\/wp-content\/uploads\/Dell_Odulu-300x200.jpg 300w, https:\/\/exa.com.tr\/wp-content\/uploads\/Dell_Odulu-768x511.jpg 768w\" sizes=\"auto, (max-width: 1000px) 100vw, 1000px\" \/><\/a><\/figure><\/div>\n\n\n\n<div class=\"wp-block-column is-layout-flow wp-block-column-is-layout-flow\" style=\"flex-basis:80%\"><h4 class=\"wp-block-post-title\"><a href=\"https:\/\/exa.com.tr\/index.php\/katma-degerli-ara-dagiticieksa-elektronik\/\" target=\"_self\" >Katma De\u011ferli Ara Da\u011f\u0131t\u0131c\u0131;Eksa Elektronik!<\/a><\/h4>\n\n<div class=\"wp-block-post-excerpt\"><p class=\"wp-block-post-excerpt__excerpt\">6 May\u0131s 2025 tarihinde ger\u00e7ekle\u015fen Dell Technologies \u0130\u015f Ortaklar\u0131 Bulu\u015fmas\u0131nda\u201cKatma De\u011ferli Ara Da\u011f\u0131t\u0131c\u0131\u201d \u00f6d\u00fcl\u00fcn\u00fc ald\u0131k. Bizi bu ba\u015far\u0131ya ula\u015ft\u0131ran t\u00fcm i\u015f ortaklar\u0131m\u0131za te\u015fekk\u00fcr ederiz. <\/p><\/div><\/div>\n<\/div>\n\n<\/li><li class=\"wp-block-post post-906 post type-post status-publish format-standard has-post-thumbnail hentry category-genel\">\n\n<div class=\"wp-block-columns alignwide is-layout-flex wp-container-core-columns-is-layout-3851daee wp-block-columns-is-layout-flex\" style=\"margin-top:var(--wp--preset--spacing--50);margin-bottom:var(--wp--preset--spacing--50)\">\n<div class=\"wp-block-column is-vertically-aligned-top is-layout-flow wp-block-column-is-layout-flow\" style=\"border-style:none;border-width:0px;flex-basis:35%\"><figure style=\"aspect-ratio:auto;\" class=\"wp-block-post-featured-image\"><a href=\"https:\/\/exa.com.tr\/index.php\/exa-gaming-day25\/\" target=\"_self\"  ><img loading=\"lazy\" decoding=\"async\" width=\"1000\" height=\"666\" src=\"https:\/\/exa.com.tr\/wp-content\/uploads\/Gaming_Day_Haber.jpg\" class=\"attachment-post-thumbnail size-post-thumbnail wp-post-image\" alt=\"Exa Gaming Day&#8217;25\" style=\"border-radius:0px;border-style:none;border-width:0px;width:100%;height:100%;object-fit:cover;\" srcset=\"https:\/\/exa.com.tr\/wp-content\/uploads\/Gaming_Day_Haber.jpg 1000w, https:\/\/exa.com.tr\/wp-content\/uploads\/Gaming_Day_Haber-300x200.jpg 300w, https:\/\/exa.com.tr\/wp-content\/uploads\/Gaming_Day_Haber-768x511.jpg 768w\" sizes=\"auto, (max-width: 1000px) 100vw, 1000px\" \/><\/a><\/figure><\/div>\n\n\n\n<div class=\"wp-block-column is-layout-flow wp-block-column-is-layout-flow\" style=\"flex-basis:80%\"><h4 class=\"wp-block-post-title\"><a href=\"https:\/\/exa.com.tr\/index.php\/exa-gaming-day25\/\" target=\"_self\" >Exa Gaming Day&#8217;25<\/a><\/h4>\n\n<div class=\"wp-block-post-excerpt\"><p class=\"wp-block-post-excerpt__excerpt\">XA Gaming Day \u201825 etkinli\u011fimizde sekt\u00f6r\u00fcn kalbi birlikte att\u0131! T\u00fcrkiye\u2019de oyun donan\u0131mlar\u0131 alan\u0131ndaki b\u00fcy\u00fcmeyi, i\u015f ortaklar\u0131m\u0131zla birlikte de\u011ferlendirdi\u011fimiz, enerjisi y\u00fcksek bir g\u00fcn\u00fc geride b\u0131rakt\u0131k. Palit, Erazer, Micron Crucial, Aigo, Koorui ve GameGaraj gibi sekt\u00f6r\u00fcn \u00f6nemli markalar\u0131n\u0131n kat\u0131l\u0131m\u0131yla ger\u00e7ekle\u015fen bu bulu\u015fmada; Yeni \u00fcr\u00fcnler, pazar trendleri ve b\u00fcy\u00fcme f\u0131rsatlar\u0131 detayl\u0131ca ele al\u0131nd\u0131. Kat\u0131l\u0131m g\u00f6steren t\u00fcm i\u015f ortaklar\u0131m\u0131za,&hellip; <\/p><\/div><\/div>\n<\/div>\n\n<\/li><li class=\"wp-block-post post-880 post type-post status-publish format-standard has-post-thumbnail hentry category-genel\">\n\n<div class=\"wp-block-columns alignwide is-layout-flex wp-container-core-columns-is-layout-3851daee wp-block-columns-is-layout-flex\" style=\"margin-top:var(--wp--preset--spacing--50);margin-bottom:var(--wp--preset--spacing--50)\">\n<div class=\"wp-block-column is-vertically-aligned-top is-layout-flow wp-block-column-is-layout-flow\" style=\"border-style:none;border-width:0px;flex-basis:35%\"><figure style=\"aspect-ratio:auto;\" class=\"wp-block-post-featured-image\"><a href=\"https:\/\/exa.com.tr\/index.php\/2025teoyunun-kurallari-degisiyor\/\" target=\"_self\"  ><img loading=\"lazy\" decoding=\"async\" width=\"1000\" height=\"666\" src=\"https:\/\/exa.com.tr\/wp-content\/uploads\/Erazer-3.jpg\" class=\"attachment-post-thumbnail size-post-thumbnail wp-post-image\" alt=\"2025\u2019te Oyunun Kurallar\u0131 De\u011fi\u015fiyor!\" style=\"border-radius:0px;border-style:none;border-width:0px;width:100%;height:100%;object-fit:cover;\" srcset=\"https:\/\/exa.com.tr\/wp-content\/uploads\/Erazer-3.jpg 1000w, https:\/\/exa.com.tr\/wp-content\/uploads\/Erazer-3-300x200.jpg 300w, https:\/\/exa.com.tr\/wp-content\/uploads\/Erazer-3-768x511.jpg 768w\" sizes=\"auto, (max-width: 1000px) 100vw, 1000px\" \/><\/a><\/figure><\/div>\n\n\n\n<div class=\"wp-block-column is-layout-flow wp-block-column-is-layout-flow\" style=\"flex-basis:80%\"><h4 class=\"wp-block-post-title\"><a href=\"https:\/\/exa.com.tr\/index.php\/2025teoyunun-kurallari-degisiyor\/\" target=\"_self\" >2025\u2019te Oyunun Kurallar\u0131 De\u011fi\u015fiyor!<\/a><\/h4>\n\n<div class=\"wp-block-post-excerpt\"><p class=\"wp-block-post-excerpt__excerpt\">Alman m\u00fchendisli\u011fi ve tasar\u0131m\u0131yla \u00fcretilen oyun bilgisayar\u0131 ve aksesuarlar\u0131 markas\u0131 ERAZER, T\u00fcrkiye pazar\u0131na g\u00fc\u00e7l\u00fc bir giri\u015f yap\u0131yor. \u0130lk etapta diz\u00fcst\u00fc bilgisayar modelleriyle kullan\u0131c\u0131larla bulu\u015facak markan\u0131n sat\u0131\u015flar\u0131 2025\u2019in ocak ay\u0131nda ba\u015flayacak.Ocak ay\u0131 sonunda T\u00fcrkiye\u2019de sat\u0131\u015fa sunulmaya ba\u015flanacak ERAZER \u00fcr\u00fcnlerinin teknik servis hizmetleri BDH taraf\u0131ndan sa\u011flanacak. T\u00fcrkiye pazar\u0131ndaki \u00fcr\u00fcnlerin da\u011f\u0131t\u0131m\u0131, 22 y\u0131ll\u0131k deneyime sahip Eksa Elektronik Bilgi&hellip; <\/p><\/div><\/div>\n<\/div>\n\n<\/li><li class=\"wp-block-post post-863 post type-post status-publish format-standard has-post-thumbnail hentry category-genel\">\n\n<div class=\"wp-block-columns alignwide is-layout-flex wp-container-core-columns-is-layout-3851daee wp-block-columns-is-layout-flex\" style=\"margin-top:var(--wp--preset--spacing--50);margin-bottom:var(--wp--preset--spacing--50)\">\n<div class=\"wp-block-column is-vertically-aligned-top is-layout-flow wp-block-column-is-layout-flow\" style=\"border-style:none;border-width:0px;flex-basis:35%\"><figure style=\"aspect-ratio:auto;\" class=\"wp-block-post-featured-image\"><a href=\"https:\/\/exa.com.tr\/index.php\/aytemiz-makelsan-dagitim-kanallari-satis-birincisi\/\" target=\"_self\"  ><img loading=\"lazy\" decoding=\"async\" width=\"1000\" height=\"666\" src=\"https:\/\/exa.com.tr\/wp-content\/uploads\/Makelsan.jpg\" class=\"attachment-post-thumbnail size-post-thumbnail wp-post-image\" alt=\"Aytemiz Makelsan Da\u011f\u0131t\u0131m Kanallar\u0131 Sat\u0131\u015f Birincisi\" style=\"border-radius:0px;border-style:none;border-width:0px;width:100%;height:100%;object-fit:cover;\" srcset=\"https:\/\/exa.com.tr\/wp-content\/uploads\/Makelsan.jpg 1000w, https:\/\/exa.com.tr\/wp-content\/uploads\/Makelsan-300x200.jpg 300w, https:\/\/exa.com.tr\/wp-content\/uploads\/Makelsan-768x511.jpg 768w\" sizes=\"auto, (max-width: 1000px) 100vw, 1000px\" \/><\/a><\/figure><\/div>\n\n\n\n<div class=\"wp-block-column is-layout-flow wp-block-column-is-layout-flow\" style=\"flex-basis:80%\"><h4 class=\"wp-block-post-title\"><a href=\"https:\/\/exa.com.tr\/index.php\/aytemiz-makelsan-dagitim-kanallari-satis-birincisi\/\" target=\"_self\" >Aytemiz Makelsan Da\u011f\u0131t\u0131m Kanallar\u0131 Sat\u0131\u015f Birincisi<\/a><\/h4>\n\n<div class=\"wp-block-post-excerpt\"><p class=\"wp-block-post-excerpt__excerpt\">13 Eyl\u00fcl 2024 tarihinde Kaya Artemis Resort Otelde ger\u00e7ekle\u015ftirilen toplant\u0131dan\u201cAytemiz Makelsan 2023 Y\u0131l\u0131 Da\u011f\u0131t\u0131m Kanallar\u0131 Sat\u0131\u015f Birincisi\u201d \u00f6d\u00fcl\u00fcn\u00fc alarak d\u00f6nd\u00fck. Bizi bu ba\u015far\u0131ya ula\u015ft\u0131ran t\u00fcm \u0130\u015f Ortaklar\u0131m\u0131za te\u015fekk\u00fcr ederiz. <\/p><\/div><\/div>\n<\/div>\n\n<\/li><\/ul><\/div>\n\n\n\n<p><\/p>\n","protected":false},"excerpt":{"rendered":"","protected":false},"author":1,"featured_media":0,"parent":0,"menu_order":0,"comment_status":"closed","ping_status":"closed","template":"wp-custom-template-kurumsal-ablon","meta":{"footnotes":""},"class_list":["post-253","page","type-page","status-publish","hentry"],"_links":{"self":[{"href":"https:\/\/exa.com.tr\/index.php\/wp-json\/wp\/v2\/pages\/253","targetHints":{"allow":["GET"]}}],"collection":[{"href":"https:\/\/exa.com.tr\/index.php\/wp-json\/wp\/v2\/pages"}],"about":[{"href":"https:\/\/exa.com.tr\/index.php\/wp-json\/wp\/v2\/types\/page"}],"author":[{"embeddable":true,"href":"https:\/\/exa.com.tr\/index.php\/wp-json\/wp\/v2\/users\/1"}],"replies":[{"embeddable":true,"href":"https:\/\/exa.com.tr\/index.php\/wp-json\/wp\/v2\/comments?post=253"}],"version-history":[{"count":15,"href":"https:\/\/exa.com.tr\/index.php\/wp-json\/wp\/v2\/pages\/253\/revisions"}],"predecessor-version":[{"id":867,"href":"https:\/\/exa.com.tr\/index.php\/wp-json\/wp\/v2\/pages\/253\/revisions\/867"}],"wp:attachment":[{"href":"https:\/\/exa.com.tr\/index.php\/wp-json\/wp\/v2\/media?parent=253"}],"curies":[{"name":"wp","href":"https:\/\/api.w.org\/{rel}","templated":true}]}}