{"id":242,"date":"2024-08-02T09:24:50","date_gmt":"2024-08-02T06:24:50","guid":{"rendered":"http:\/\/test.eksa.com.tr\/?page_id=242"},"modified":"2024-08-02T10:25:27","modified_gmt":"2024-08-02T07:25:27","slug":"is-basvurusu-2","status":"publish","type":"page","link":"https:\/\/exa.com.tr\/index.php\/is-basvurusu-2\/","title":{"rendered":"\u0130\u015f Ba\u015fvurusu"},"content":{"rendered":"\n<div class=\"forminator-ui forminator-custom-form forminator-custom-form-251 forminator-design--default  forminator_ajax\" data-forminator-render=\"0\" data-form=\"forminator-module-251\" data-uid=\"69ff3ec875996\"><br\/><\/div><form\n\t\t\t\tid=\"forminator-module-251\"\n\t\t\t\tclass=\"forminator-ui forminator-custom-form forminator-custom-form-251 forminator-design--default  forminator_ajax\"\n\t\t\t\tmethod=\"post\"\n\t\t\t\tdata-forminator-render=\"0\"\n\t\t\t\tdata-form-id=\"251\"\n\t\t\t\t\n\t\t\t\tdata-design=\"default\"\n\t\t\t\t\n\t\t\t\t\n\t\t\t\t\n\t\t\t\tdata-grid=\"open\"\n\t\t\t\tenctype=\"multipart\/form-data\"\n\t\t\t\t\n\t\t\t\tstyle=\"display: none;\"\n\t\t\t\t\n\t\t\t\tdata-uid=\"69ff3ec875996\"\n\t\t\t><div role=\"alert\" aria-live=\"polite\" class=\"forminator-response-message forminator-error\" aria-hidden=\"true\"><\/div><div class=\"forminator-row\"><div id=\"name-1\" class=\"forminator-field-name forminator-col forminator-col-12 \"><div class=\"forminator-field\"><label for=\"forminator-field-name-1_69ff3ec875996\" id=\"forminator-field-name-1_69ff3ec875996-label\" class=\"forminator-label\">Ad\u0131n\u0131z Soyad\u0131n\u0131z <span class=\"forminator-required\">*<\/span><\/label><input type=\"text\" name=\"name-1\" value=\"\" placeholder=\"\" id=\"forminator-field-name-1_69ff3ec875996\" class=\"forminator-input forminator-name--field\" aria-required=\"true\" \/><\/div><\/div><\/div><div class=\"forminator-row\"><div id=\"email-1\" class=\"forminator-field-email forminator-col forminator-col-12 \"><div class=\"forminator-field\"><label for=\"forminator-field-email-1_69ff3ec875996\" id=\"forminator-field-email-1_69ff3ec875996-label\" class=\"forminator-label\">E-posta Adresi <span class=\"forminator-required\">*<\/span><\/label><input type=\"email\" name=\"email-1\" value=\"\" placeholder=\"\" id=\"forminator-field-email-1_69ff3ec875996\" class=\"forminator-input forminator-email--field\" data-required=\"1\" aria-required=\"true\" \/><\/div><\/div><\/div><div class=\"forminator-row\"><div id=\"phone-1\" class=\"forminator-field-phone forminator-col forminator-col-12 \"><div class=\"forminator-field\"><label for=\"forminator-field-phone-1_69ff3ec875996\" id=\"forminator-field-phone-1_69ff3ec875996-label\" class=\"forminator-label\">Telefon <span class=\"forminator-required\">*<\/span><\/label><input type=\"text\" name=\"phone-1\" value=\"\" placeholder=\"555 555 55 55\" id=\"forminator-field-phone-1_69ff3ec875996\" class=\"forminator-input forminator-field--phone\" data-required=\"1\" aria-required=\"true\" autocomplete=\"off\" \/><\/div><\/div><\/div><div class=\"forminator-row\"><div id=\"select-1\" class=\"forminator-field-select forminator-col forminator-col-12 \"><div class=\"forminator-field\"><label for=\"forminator-form-251__field--select-1_69ff3ec875996\" id=\"forminator-form-251__field--select-1_69ff3ec875996-label\" class=\"forminator-label\">Ba\u015fvurulan Posizyon <span class=\"forminator-required\">*<\/span><\/label><select  id=\"forminator-form-251__field--select-1_69ff3ec875996\" class=\"forminator-select--field forminator-select2 forminator-select2-multiple\" data-required=\"1\" name=\"select-1\" data-default-value=\"\" data-hidden-behavior=\"zero\" data-placeholder=\"Se\u00e7iniz\" data-search=\"false\" data-search-placeholder=\"Se\u00e7iniz\" data-checkbox=\"false\" data-allow-clear=\"false\" aria-labelledby=\"forminator-form-251__field--select-1_69ff3ec875996-label\"><option value=\"\"  >Se\u00e7iniz<\/option><option value=\"Sat\u0131\u015f - Pazarlama\"  data-calculation=\"0\">Sat\u0131\u015f - Pazarlama<\/option><option value=\"Sat\u0131nalma - \u00dcr\u00fcn Y\u00f6netimi\"  data-calculation=\"0\">Sat\u0131nalma - \u00dcr\u00fcn Y\u00f6netimi<\/option><option value=\"Muhasebe - Finans\"  data-calculation=\"0\">Muhasebe - Finans<\/option><option value=\"IT - Bilgi \u0130\u015flem\"  data-calculation=\"0\">IT - Bilgi \u0130\u015flem<\/option><option value=\"Reklam - Grafik Tasar\u0131m\"  data-calculation=\"0\">Reklam - Grafik Tasar\u0131m<\/option><option value=\"Depo - Lojistik\"  data-calculation=\"0\">Depo - Lojistik<\/option><option value=\"Teknik Servis\"  data-calculation=\"0\">Teknik Servis<\/option><option value=\"Sekreterya - \u0130dari \u0130\u015fler Personeli\"  data-calculation=\"0\">Sekreterya - \u0130dari \u0130\u015fler Personeli<\/option><option value=\"Di\u011fer\"  data-calculation=\"0\">Di\u011fer<\/option><\/select><\/div><\/div><\/div><div class=\"forminator-row\"><div id=\"upload-1\" class=\"forminator-field-upload forminator-col forminator-col-12 \"><div class=\"forminator-field\"><label for=\"forminator-field-upload-1_69ff3ec875996\" id=\"forminator-field-upload-1_69ff3ec875996-label\" class=\"forminator-label\">CV y\u00fckle (PDF) <span class=\"forminator-required\">*<\/span><\/label><div class=\"forminator-file-upload \" data-element=\"upload-1_69ff3ec875996\"><input type=\"file\" name=\"upload-1\" id=\"forminator-field-upload-1_69ff3ec875996\" class=\"forminator-input-file-required do-validate\" accept=\".avif,.css,.htm,.html,.dfxp,.js,.pdf\"><button id=\"forminator-field-upload-1_69ff3ec875996_button\" class=\"forminator-button forminator-button-upload\" data-id=\"forminator-field-upload-1_69ff3ec875996\">Dosya Se\u00e7<\/button><span data-empty-text=\"Dosya se\u00e7ilmedi\">Dosya se\u00e7ilmedi<\/span><button class=\"forminator-button-delete\" style=\"display: none;\"><i class=\"forminator-icon-close\" aria-hidden=\"true\"><\/i><span class=\"forminator-screen-reader-only\">Y\u00fcklenen dosyay\u0131 sil<\/span><\/button><\/div><\/div><\/div><\/div><div class=\"forminator-row\"><div id=\"captcha-1\" class=\"forminator-field-captcha forminator-col forminator-col-12 \"><div class=\"forminator-captcha-left forminator-g-recaptcha recaptcha-invisible\" data-theme=\"light\" data-badge=\"bottomright\" data-sitekey=\"6Lfm-iIqAAAAAC8z56OitcygmQX_oK-3jUho96xg\" data-size=\"invisible\"><\/div> <\/div><\/div><div class=\"forminator-row\"><div id=\"html-1\" class=\"forminator-field-html forminator-col forminator-col-12 \"><div class=\"forminator-field forminator-merge-tags\" data-field=\"html-1\"><p><a rel=\"noopener\" target=\"_blank\" href=\"https:\/\/exa.com.tr\/index.php\/kisisel-verilerin-islenmesi-aydinlatma-metni\/\">Ki\u015fisel verilerin i\u015flenmesi ayd\u0131nlatma metni<\/a><\/p><\/div><\/div><\/div><div class=\"forminator-row\"><div id=\"checkbox-1\" class=\"forminator-field-checkbox forminator-col forminator-col-12 \"><div role=\"group\" class=\"forminator-field required\" aria-labelledby=\"forminator-checkbox-group-69ff3ec875996-label\"><span id=\"forminator-checkbox-group-69ff3ec875996-label\" class=\"forminator-label\">Ki\u015fisel verilerinizin i\u015flenmesi ve saklanmas\u0131 <span class=\"forminator-required\">*<\/span><\/span><label id=\"forminator-field-checkbox-1-1-69ff3ec875996-label\" for=\"forminator-field-checkbox-1-1-69ff3ec875996\" class=\"forminator-checkbox\" title=\"Onay veriyorum\"><input type=\"checkbox\" name=\"checkbox-1[]\" value=\"one\" id=\"forminator-field-checkbox-1-1-69ff3ec875996\" aria-labelledby=\"forminator-field-checkbox-1-1-69ff3ec875996-label\" data-calculation=\"0\"   data-hidden-behavior=\"zero\"\/><span class=\"forminator-checkbox-box\" aria-hidden=\"true\"><\/span><span class=\"forminator-checkbox-label\">Onay veriyorum<\/span><\/label><\/div><\/div><\/div><input type=\"hidden\" name=\"referer_url\" value=\"\" \/><div class=\"forminator-row forminator-row-last\"><div class=\"forminator-col\"><div class=\"forminator-field\"><button class=\"forminator-button forminator-button-submit\">G&ouml;nder<\/button><\/div><\/div><\/div><input type=\"hidden\" id=\"forminator_nonce\" name=\"forminator_nonce\" value=\"21305439ec\" \/><input type=\"hidden\" name=\"_wp_http_referer\" value=\"\/index.php\/wp-json\/wp\/v2\/pages\/242\" \/><input type=\"hidden\" name=\"form_id\" value=\"251\"><input type=\"hidden\" name=\"page_id\" value=\"242\"><input type=\"hidden\" name=\"form_type\" value=\"default\"><input type=\"hidden\" name=\"current_url\" value=\"https:\/\/exa.com.tr\/index.php\/is-basvurusu-2\/\"><input type=\"hidden\" name=\"render_id\" value=\"0\"><input type=\"hidden\" name=\"action\" value=\"forminator_submit_form_custom-forms\"><\/form>\n\n\n\n<p><\/p>\n","protected":false},"excerpt":{"rendered":"","protected":false},"author":1,"featured_media":0,"parent":0,"menu_order":0,"comment_status":"closed","ping_status":"closed","template":"wp-custom-template-kurumsal-ablon","meta":{"footnotes":""},"class_list":["post-242","page","type-page","status-publish","hentry"],"_links":{"self":[{"href":"https:\/\/exa.com.tr\/index.php\/wp-json\/wp\/v2\/pages\/242","targetHints":{"allow":["GET"]}}],"collection":[{"href":"https:\/\/exa.com.tr\/index.php\/wp-json\/wp\/v2\/pages"}],"about":[{"href":"https:\/\/exa.com.tr\/index.php\/wp-json\/wp\/v2\/types\/page"}],"author":[{"embeddable":true,"href":"https:\/\/exa.com.tr\/index.php\/wp-json\/wp\/v2\/users\/1"}],"replies":[{"embeddable":true,"href":"https:\/\/exa.com.tr\/index.php\/wp-json\/wp\/v2\/comments?post=242"}],"version-history":[{"count":4,"href":"https:\/\/exa.com.tr\/index.php\/wp-json\/wp\/v2\/pages\/242\/revisions"}],"predecessor-version":[{"id":252,"href":"https:\/\/exa.com.tr\/index.php\/wp-json\/wp\/v2\/pages\/242\/revisions\/252"}],"wp:attachment":[{"href":"https:\/\/exa.com.tr\/index.php\/wp-json\/wp\/v2\/media?parent=242"}],"curies":[{"name":"wp","href":"https:\/\/api.w.org\/{rel}","templated":true}]}}