{"id":164,"date":"2024-07-31T12:35:24","date_gmt":"2024-07-31T09:35:24","guid":{"rendered":"http:\/\/test.eksa.com.tr\/?page_id=164"},"modified":"2024-09-06T17:37:40","modified_gmt":"2024-09-06T14:37:40","slug":"insan-kaynaklari","status":"publish","type":"page","link":"https:\/\/exa.com.tr\/index.php\/insan-kaynaklari\/","title":{"rendered":"\u0130nsan Kaynaklar\u0131"},"content":{"rendered":"\n<h2 class=\"wp-block-heading\"><strong>Genel Ba\u015fvuru<\/strong><\/h2>\n\n\n\n<p style=\"line-height:0.7\">Size uygun bir pozisyon a\u00e7\u0131lmas\u0131 halinde irtibata ge\u00e7ebilmemiz i\u00e7in,<\/p>\n\n\n\n<p style=\"line-height:0.7\">ba\u015fvuru formunu doldurarak \u00f6zge\u00e7mi\u015finizi bizimle payla\u015fabilirsiniz.<\/p>\n\n\n\n<p><\/p>\n\n\n\n<div class=\"wp-block-group is-nowrap is-layout-flex wp-container-core-group-is-layout-e021f648 wp-block-group-is-layout-flex\" style=\"padding-top:var(--wp--preset--spacing--20);padding-bottom:var(--wp--preset--spacing--20)\">\n<div class=\"wp-block-buttons is-horizontal is-content-justification-left is-layout-flex wp-container-core-buttons-is-layout-20be11b6 wp-block-buttons-is-layout-flex\">\n<div class=\"wp-block-button has-custom-font-size is-style-fill has-small-font-size\"><a class=\"wp-block-button__link has-accent-3-background-color has-background has-text-align-left wp-element-button\" href=\"https:\/\/exa.com.tr\/index.php\/is-basvurusu-2\/\" target=\"_blank\" rel=\"noreferrer noopener\">\u015eimdi Ba\u015fvur<\/a><\/div>\n<\/div>\n<\/div>\n\n\n\n<p><\/p>\n","protected":false},"excerpt":{"rendered":"<p>Genel Ba\u015fvuru Size uygun bir pozisyon a\u00e7\u0131lmas\u0131 halinde irtibata ge\u00e7ebilmemiz i\u00e7in, ba\u015fvuru formunu doldurarak \u00f6zge\u00e7mi\u015finizi bizimle payla\u015fabilirsiniz.<\/p>\n","protected":false},"author":1,"featured_media":0,"parent":0,"menu_order":0,"comment_status":"closed","ping_status":"closed","template":"wp-custom-template-kurumsal-ablon","meta":{"footnotes":""},"class_list":["post-164","page","type-page","status-publish","hentry"],"_links":{"self":[{"href":"https:\/\/exa.com.tr\/index.php\/wp-json\/wp\/v2\/pages\/164","targetHints":{"allow":["GET"]}}],"collection":[{"href":"https:\/\/exa.com.tr\/index.php\/wp-json\/wp\/v2\/pages"}],"about":[{"href":"https:\/\/exa.com.tr\/index.php\/wp-json\/wp\/v2\/types\/page"}],"author":[{"embeddable":true,"href":"https:\/\/exa.com.tr\/index.php\/wp-json\/wp\/v2\/users\/1"}],"replies":[{"embeddable":true,"href":"https:\/\/exa.com.tr\/index.php\/wp-json\/wp\/v2\/comments?post=164"}],"version-history":[{"count":12,"href":"https:\/\/exa.com.tr\/index.php\/wp-json\/wp\/v2\/pages\/164\/revisions"}],"predecessor-version":[{"id":862,"href":"https:\/\/exa.com.tr\/index.php\/wp-json\/wp\/v2\/pages\/164\/revisions\/862"}],"wp:attachment":[{"href":"https:\/\/exa.com.tr\/index.php\/wp-json\/wp\/v2\/media?parent=164"}],"curies":[{"name":"wp","href":"https:\/\/api.w.org\/{rel}","templated":true}]}}