{"id":160,"date":"2024-07-31T12:32:57","date_gmt":"2024-07-31T09:32:57","guid":{"rendered":"http:\/\/test.eksa.com.tr\/?page_id=160"},"modified":"2025-01-15T10:49:24","modified_gmt":"2025-01-15T07:49:24","slug":"sirket-bilgileri","status":"publish","type":"page","link":"https:\/\/exa.com.tr\/index.php\/sirket-bilgileri\/","title":{"rendered":"\u015eirket Bilgileri"},"content":{"rendered":"\n<figure class=\"wp-block-table is-style-regular\" style=\"margin-top:0;margin-right:0;margin-bottom:0;margin-left:0\"><table class=\"has-accent-3-background-color has-background has-fixed-layout\"><tbody><tr><td><strong><mark style=\"background-color:rgba(0, 0, 0, 0)\" class=\"has-inline-color has-base-2-color\">T\u0130CAR\u0130 B\u0130LG\u0130LER<\/mark><\/strong><\/td><\/tr><\/tbody><\/table><\/figure>\n\n\n\n<figure class=\"wp-block-table is-style-regular\" style=\"margin-top:0;margin-right:0;margin-bottom:0;margin-left:0;padding-top:0;padding-bottom:0\"><table class=\"has-fixed-layout\"><tbody><tr><td><strong>\u015e\u0130RKET LOGOSU<\/strong><\/td><td><img loading=\"lazy\" decoding=\"async\" width=\"132\" height=\"92\" class=\"wp-image-891\" style=\"width: 132px;\" src=\"https:\/\/exa.com.tr\/wp-content\/uploads\/exason.png\" alt=\"\"><\/td><\/tr><tr><td><strong>\u015e\u0130RKET T\u00dcR\u00dc<\/strong><\/td><td>ANON\u0130M \u015e\u0130RKET<\/td><\/tr><tr><td><strong>MERS\u0130S NO<\/strong><\/td><td>330027471800016<\/td><\/tr><tr><td><strong>T\u0130CARET S\u0130C\u0130L MEMURLU\u011eU<\/strong><\/td><td>\u0130STANBUL<\/td><\/tr><tr><td><strong>T\u0130CARET S\u0130C\u0130L NUMRASI<\/strong><\/td><td>476084<\/td><\/tr><tr><td><strong>T\u0130CARET \u00dcNVANI<\/strong><\/td><td>Eksa Elektronik Bilgi \u0130\u015flem Sanayi Ve D\u0131\u015f Ticaret Anonim \u015eirketi<\/td><\/tr><tr><td><strong>ADRES<\/strong><\/td><td>K\u0131s\u0131kl\u0131 Mah. Alemda\u011f Caddesi No:56\/B \u00c7aml\u0131ca \u00dcsk\u00fcdar&nbsp; \/ \u0130stanbul<\/td><\/tr><tr><td><strong>TAAHH\u00dcT ED\u0130LEN SERMAYE M\u0130KTARI<\/strong><\/td><td>6.270.000 -TL<\/td><\/tr><tr><td><strong>\u00d6DENEN SERMAYE M\u0130KTARI<\/strong><\/td><td>6.270.000 -TL<\/td><\/tr><tr><td><strong>KAYITLI SERMAYE TAVANI<\/strong><\/td><td>&#8211;<\/td><\/tr><tr><td><strong>VERG\u0130 DA\u0130RES\u0130<\/strong><\/td><td>\u0130stanbul \u2013 Anadolu Kurumlar Vergi Dairesi M\u00fcd\u00fcrl\u00fc\u011f\u00fc<\/td><\/tr><tr><td><strong>VERG\u0130 NUMARASI<\/strong><\/td><td>330 048 0715&nbsp;<\/td><\/tr><\/tbody><\/table><\/figure>\n\n\n\n<figure style=\"padding-top:0;padding-right:0;padding-bottom:0;padding-left:0;font-size:clamp(0.875rem, 0.875rem + ((1vw - 0.2rem) * 0.542), 1.2rem);\" class=\"wp-block-table\"><table class=\"has-accent-3-background-color has-background has-fixed-layout\"><tbody><tr><td><mark style=\"background-color:rgba(0, 0, 0, 0)\" class=\"has-inline-color has-base-2-color\"><strong>Y\u00d6NET\u0130M B\u0130LG\u0130LER\u0130<\/strong><\/mark><\/td><\/tr><\/tbody><\/table><\/figure>\n\n\n\n<figure style=\"margin-top:0;margin-bottom:0;padding-top:0;padding-right:0;padding-bottom:0;padding-left:0\" class=\"wp-block-table\"><table class=\"has-fixed-layout\"><tbody><tr><td><strong>Y\u00d6NET\u0130M KURULU BA\u015eKANI<\/strong><\/td><td>Serdar CAN<\/td><\/tr><tr><td><strong>Y\u00d6NET\u0130M KURULU BA\u015eKAN VEK\u0130L\u0130<\/strong><\/td><td>Ta\u015ftan ERSOY<\/td><\/tr><\/tbody><\/table><\/figure>\n\n\n\n<figure style=\"font-size:clamp(0.875rem, 0.875rem + ((1vw - 0.2rem) * 0.542), 1.2rem);\" class=\"wp-block-table\"><table class=\"has-accent-3-background-color has-background has-fixed-layout\"><tbody><tr><td><mark style=\"background-color:rgba(0, 0, 0, 0)\" class=\"has-inline-color has-base-2-color\">DENET\u00c7\u0130<\/mark><\/td><\/tr><\/tbody><\/table><\/figure>\n\n\n\n<figure style=\"margin-top:0;margin-bottom:0;padding-top:0;padding-right:0;padding-bottom:0;padding-left:0\" class=\"wp-block-table\"><table class=\"has-fixed-layout\"><tbody><tr><td><strong>\u00dcNVAN<\/strong><\/td><td>\u0130rfan Ba\u011f\u0131ms\u0131z Denetim ve Yeminli Mali M\u00fc\u015favirlik A.\u015e.<\/td><\/tr><\/tbody><\/table><\/figure>\n\n\n\n<figure class=\"wp-block-table\"><table class=\"has-accent-3-background-color has-background has-fixed-layout\"><tbody><tr><td><mark style=\"background-color:rgba(0, 0, 0, 0)\" class=\"has-inline-color has-base-2-color\"><strong>\u0130LET\u0130\u015e\u0130M B\u0130LG\u0130LER\u0130<\/strong><\/mark><\/td><\/tr><\/tbody><\/table><\/figure>\n\n\n\n<figure style=\"margin-top:0;margin-bottom:0\" class=\"wp-block-table\"><table class=\"has-fixed-layout\"><tbody><tr><td><strong>TELEFON<\/strong><\/td><td>+90 216 524 99 99<\/td><\/tr><tr><td><strong>FAKS<\/strong><\/td><td>+90 216 528 00 58<\/td><\/tr><tr><td><strong>KAYITLI ELEKTRON\u0130K POSTA ADRES\u0130<\/strong><\/td><td>eksa@hs01.kep.tr<\/td><\/tr><tr><td><strong>WEB SAYFALARI<\/strong><\/td><td>www.eksa.com.tr<br>www.bayikanali.com<\/td><\/tr><\/tbody><\/table><\/figure>\n\n\n\n<p><\/p>\n","protected":false},"excerpt":{"rendered":"<p>T\u0130CAR\u0130 B\u0130LG\u0130LER \u015e\u0130RKET LOGOSU \u015e\u0130RKET T\u00dcR\u00dc ANON\u0130M \u015e\u0130RKET MERS\u0130S NO 330027471800016 T\u0130CARET S\u0130C\u0130L MEMURLU\u011eU \u0130STANBUL T\u0130CARET S\u0130C\u0130L NUMRASI 476084 T\u0130CARET \u00dcNVANI Eksa Elektronik Bilgi \u0130\u015flem Sanayi Ve D\u0131\u015f Ticaret Anonim \u015eirketi ADRES K\u0131s\u0131kl\u0131 Mah. Alemda\u011f Caddesi No:56\/B \u00c7aml\u0131ca \u00dcsk\u00fcdar&nbsp; \/ \u0130stanbul TAAHH\u00dcT ED\u0130LEN SERMAYE M\u0130KTARI 6.270.000 -TL \u00d6DENEN SERMAYE M\u0130KTARI 6.270.000 -TL KAYITLI SERMAYE TAVANI [&hellip;]<\/p>\n","protected":false},"author":1,"featured_media":0,"parent":0,"menu_order":0,"comment_status":"closed","ping_status":"closed","template":"wp-custom-template-kurumsal-ablon","meta":{"footnotes":""},"class_list":["post-160","page","type-page","status-publish","hentry"],"_links":{"self":[{"href":"https:\/\/exa.com.tr\/index.php\/wp-json\/wp\/v2\/pages\/160","targetHints":{"allow":["GET"]}}],"collection":[{"href":"https:\/\/exa.com.tr\/index.php\/wp-json\/wp\/v2\/pages"}],"about":[{"href":"https:\/\/exa.com.tr\/index.php\/wp-json\/wp\/v2\/types\/page"}],"author":[{"embeddable":true,"href":"https:\/\/exa.com.tr\/index.php\/wp-json\/wp\/v2\/users\/1"}],"replies":[{"embeddable":true,"href":"https:\/\/exa.com.tr\/index.php\/wp-json\/wp\/v2\/comments?post=160"}],"version-history":[{"count":12,"href":"https:\/\/exa.com.tr\/index.php\/wp-json\/wp\/v2\/pages\/160\/revisions"}],"predecessor-version":[{"id":892,"href":"https:\/\/exa.com.tr\/index.php\/wp-json\/wp\/v2\/pages\/160\/revisions\/892"}],"wp:attachment":[{"href":"https:\/\/exa.com.tr\/index.php\/wp-json\/wp\/v2\/media?parent=160"}],"curies":[{"name":"wp","href":"https:\/\/api.w.org\/{rel}","templated":true}]}}