{"id":139,"date":"2024-07-31T11:37:57","date_gmt":"2024-07-31T08:37:57","guid":{"rendered":"http:\/\/test.eksa.com.tr\/?page_id=139"},"modified":"2024-08-26T14:51:29","modified_gmt":"2024-08-26T11:51:29","slug":"iletisim","status":"publish","type":"page","link":"https:\/\/exa.com.tr\/index.php\/iletisim\/","title":{"rendered":"\u0130leti\u015fim"},"content":{"rendered":"\n<div class=\"wp-block-group is-vertical is-content-justification-left is-nowrap is-layout-flex wp-container-core-group-is-layout-b9305f23 wp-block-group-is-layout-flex\">\n<div class=\"wp-block-group is-vertical is-layout-flex wp-container-core-group-is-layout-fe9cc265 wp-block-group-is-layout-flex\">\n<h3 class=\"wp-block-heading\">EKSA ELEKTRON\u0130K B\u0130LG\u0130 \u0130\u015eLEM SAN. ve DI\u015e T\u0130C. A.\u015e<\/h3>\n\n\n\n<p>Eksa Elektronik Bilgi \u0130\u015flem San. ve D\u0131\u015f Tic. A.\u015e teknoloji \u00fcr\u00fcnlerinin t\u00fcketiciye ula\u015ft\u0131r\u0131lmas\u0131n\u0131 sa\u011flayan da\u011f\u0131t\u0131m \u015firketidir.<\/p>\n\n\n\n<div class=\"wp-block-group is-nowrap is-layout-flex wp-container-core-group-is-layout-6c531013 wp-block-group-is-layout-flex\">\n<p><strong>Adres<\/strong><br>K\u0131s\u0131kl\u0131 Mah. Alemda\u011f Cad. No:56\/B&nbsp;<br>34696 \u00dcsk\u00fcdar &#8211; \u0130STANBUL<\/p>\n<\/div>\n\n\n\n<p><strong>Telefon:<\/strong>&nbsp;+90 216 524 99 99<\/p>\n\n\n\n<p><strong>Faks:<\/strong>&nbsp;+90 216 523 00 58<\/p>\n\n\n\n<p><strong>E-Mail:<\/strong>&nbsp;<a href=\"mailto:bilgi@eksa.com.tr\">bilgi@eksa.com.tr<\/a><\/p>\n<\/div>\n<\/div>\n\n\n<div id=\"wpgmza_map\" class=\"wpgmza_map\" data-settings='{\"id\":\"1\",\"map_title\":\"\\u0130lk haritam\",\"map_width\":\"100\",\"map_height\":\"400\",\"map_start_lat\":\"41.022494404097294\",\"map_start_lng\":\"29.071598147734704\",\"map_start_location\":\"45.950464398418106,-109.81550500000003\",\"map_start_zoom\":\"12\",\"default_marker\":\"\",\"type\":\"1\",\"alignment\":\"4\",\"directions_enabled\":\"0\",\"styling_enabled\":\"0\",\"styling_json\":\"\",\"active\":\"0\",\"kml\":\"\",\"bicycle\":\"0\",\"traffic\":\"0\",\"dbox\":\"0\",\"dbox_width\":\"\",\"listmarkers\":\"0\",\"listmarkers_advanced\":\"0\",\"filterbycat\":\"0\",\"ugm_enabled\":\"0\",\"ugm_category_enabled\":\"0\",\"fusion\":\"\",\"map_width_type\":\"%\",\"map_height_type\":\"px\",\"mass_marker_support\":\"0\",\"ugm_access\":\"0\",\"order_markers_by\":\"0\",\"order_markers_choice\":\"0\",\"show_user_location\":\"0\",\"default_to\":\"\",\"other_settings\":{\"map_type\":1,\"sl_stroke_color\":\"\",\"sl_fill_color\":\"\",\"sl_stroke_opacity\":\"\",\"sl_fill_opacity\":\"\",\"transport_layer\":false,\"action\":\"wpgmza_save_map\",\"redirect_to\":\"\\\/wp-admin\\\/admin-post.php\",\"map_id\":\"1\",\"http_referer\":\"\\\/wp-admin\\\/admin.php?page=wp-google-maps-menu&amp;amp;action=edit&amp;amp;map_id=1\",\"wpgmza_id\":\"1\",\"wpgmza_start_location\":\"41.022494404097294,29.071598147734704\",\"wpgmza_start_zoom\":\"12\",\"store_locator_enabled\":false,\"store_locator_search_area\":\"radial\",\"wpgmza_store_locator_radius_style\":\"legacy\",\"wpgmza_store_locator_default_radius\":\"10\",\"store_locator_auto_area_max_zoom\":\"\",\"store_locator_distance\":false,\"wpgmza_store_locator_position\":false,\"store_locator_show_distance\":false,\"store_locator_category\":false,\"wpgmza_store_locator_use_their_location\":false,\"wpgmza_store_locator_bounce\":false,\"wpgmza_sl_animation\":null,\"wpgmza_store_locator_hide_before_search\":false,\"store_locator_query_string\":\"\",\"store_locator_location_placeholder\":\"\",\"store_locator_default_address\":\"\",\"store_locator_name_search\":false,\"store_locator_name_string\":\"\",\"store_locator_not_found_message\":\"\",\"wpgmza_map_align\":\"1\",\"jump_to_nearest_marker_on_initialization\":false,\"automatically_pan_to_users_location\":false,\"override_users_location_zoom_level\":false,\"override_users_location_zoom_levels\":\"\",\"show_distance_from_location\":false,\"map_max_zoom\":\"21\",\"map_min_zoom\":\"0\",\"click_open_link\":false,\"fit_maps_bounds_to_markers\":false,\"fit_maps_bounds_to_markers_after_filtering\":false,\"hide_point_of_interest\":false,\"wpgmza_zoom_on_marker_click\":false,\"wpgmza_zoom_on_marker_click_slider\":\"\",\"close_infowindow_on_map_click\":false,\"disable_lightbox_images\":false,\"use_Raw_Jpeg_Coordinates\":false,\"disable_polygon_info_windows\":false,\"enable_marker_ratings\":false,\"enable_marker_labels\":false,\"only_load_markers_within_viewport\":false,\"zoom_level_mobile_override_enabled\":false,\"zoom_level_mobile_override\":\"\",\"iw_primary_color\":\"#000000\",\"iw_accent_color\":\"#000000\",\"iw_text_color\":\"#000000\",\"wpgmza_listmarkers_by\":\"0\",\"wpgmza_marker_listing_position\":false,\"zoom_level_on_marker_listing_override\":false,\"zoom_level_on_marker_listing_click\":\"\",\"marker_listing_disable_zoom\":false,\"datatable_no_result_message\":\"\",\"remove_search_box_datables\":false,\"dataTable_pagination_style\":null,\"datatable_search_string\":\"\",\"datatable_result_start\":\"\",\"datatable_result_of\":\"\",\"datatable_result_to\":\"\",\"datatable_result_total\":\"\",\"datatable_result_show\":\"\",\"datatable_result_entries\":\"\",\"wpgmza_savemap\":\"Haritay\\u0131 Kaydet \\u00bb\",\"wpgmza_theme_data\":\"\",\"polygon_labels\":false,\"wpgmza_push_in_map\":false,\"wpgmza_push_in_map_placement\":null,\"wpgmza_push_in_map_width\":\"\",\"wpgmza_push_in_map_height\":\"\"}}' data-map-id='1' Data-maps-engine='google-maps' data-shortcode-attributes='{\"id\":\"1\"}' style=\"display:block; overflow:auto; width:100%; height:400px; float:left;\"><\/div>\n\n\n<div class=\"wp-block-group is-nowrap is-layout-flex wp-container-core-group-is-layout-6c531013 wp-block-group-is-layout-flex\">\n<figure class=\"wp-block-image size-full is-resized\"><a href=\"https:\/\/www.google.com\/maps\/place\/Eksa+Elektronik+Bilgi+%C4%B0%C5%9Flem+Sanayi+ve+D%C4%B1%C5%9F+Ticaret+A.%C5%9E.+%7C+Genel+Merkez\/@41.022472,29.0690311,17z\/data=!3m1!4b1!4m6!3m5!1s0x14cac85937981625:0x9811c1d63a1f976e!8m2!3d41.022472!4d29.071606!16s%2Fg%2F1pt_zjfkc?coh=219816&amp;entry=tts&amp;g_ep=EgoyMDI0MDgxOS4wKgBIAVAD\" target=\"_blank\" rel=\"noreferrer noopener\"><img loading=\"lazy\" decoding=\"async\" width=\"256\" height=\"256\" src=\"https:\/\/exa.com.tr\/wp-content\/uploads\/15465700.png\" alt=\"\" class=\"wp-image-784\" style=\"width:52px;height:auto\" srcset=\"https:\/\/exa.com.tr\/wp-content\/uploads\/15465700.png 256w, https:\/\/exa.com.tr\/wp-content\/uploads\/15465700-150x150.png 150w\" sizes=\"auto, (max-width: 256px) 100vw, 256px\" \/><\/a><\/figure>\n\n\n\n<p><a href=\"https:\/\/www.google.com\/maps\/place\/Eksa+Elektronik+Bilgi+%C4%B0%C5%9Flem+Sanayi+ve+D%C4%B1%C5%9F+Ticaret+A.%C5%9E.+%7C+Genel+Merkez\/@41.022472,29.0690311,17z\/data=!3m1!4b1!4m6!3m5!1s0x14cac85937981625:0x9811c1d63a1f976e!8m2!3d41.022472!4d29.071606!16s%2Fg%2F1pt_zjfkc?coh=219816&amp;entry=tts&amp;g_ep=EgoyMDI0MDgxOS4wKgBIAVAD\" data-type=\"link\" data-id=\"https:\/\/www.google.com\/maps\/place\/Eksa+Elektronik+Bilgi+%C4%B0%C5%9Flem+Sanayi+ve+D%C4%B1%C5%9F+Ticaret+A.%C5%9E.+%7C+Genel+Merkez\/@41.022472,29.0690311,17z\/data=!3m1!4b1!4m6!3m5!1s0x14cac85937981625:0x9811c1d63a1f976e!8m2!3d41.022472!4d29.071606!16s%2Fg%2F1pt_zjfkc?coh=219816&amp;entry=tts&amp;g_ep=EgoyMDI0MDgxOS4wKgBIAVAD\" target=\"_blank\" rel=\"noreferrer noopener\">Yol Tarifi Al<\/a><\/p>\n<\/div>\n","protected":false},"excerpt":{"rendered":"<p>EKSA ELEKTRON\u0130K B\u0130LG\u0130 \u0130\u015eLEM SAN. ve DI\u015e T\u0130C. A.\u015e Eksa Elektronik Bilgi \u0130\u015flem San. ve D\u0131\u015f Tic. A.\u015e teknoloji \u00fcr\u00fcnlerinin t\u00fcketiciye ula\u015ft\u0131r\u0131lmas\u0131n\u0131 sa\u011flayan da\u011f\u0131t\u0131m \u015firketidir. AdresK\u0131s\u0131kl\u0131 Mah. Alemda\u011f Cad. No:56\/B&nbsp;34696 \u00dcsk\u00fcdar &#8211; \u0130STANBUL Telefon:&nbsp;+90 216 524 99 99 Faks:&nbsp;+90 216 523 00 58 E-Mail:&nbsp;bilgi@eksa.com.tr Yol Tarifi Al<\/p>\n","protected":false},"author":1,"featured_media":0,"parent":0,"menu_order":0,"comment_status":"closed","ping_status":"closed","template":"wp-custom-template-kurumsal-ablon","meta":{"footnotes":""},"class_list":["post-139","page","type-page","status-publish","hentry"],"_links":{"self":[{"href":"https:\/\/exa.com.tr\/index.php\/wp-json\/wp\/v2\/pages\/139","targetHints":{"allow":["GET"]}}],"collection":[{"href":"https:\/\/exa.com.tr\/index.php\/wp-json\/wp\/v2\/pages"}],"about":[{"href":"https:\/\/exa.com.tr\/index.php\/wp-json\/wp\/v2\/types\/page"}],"author":[{"embeddable":true,"href":"https:\/\/exa.com.tr\/index.php\/wp-json\/wp\/v2\/users\/1"}],"replies":[{"embeddable":true,"href":"https:\/\/exa.com.tr\/index.php\/wp-json\/wp\/v2\/comments?post=139"}],"version-history":[{"count":11,"href":"https:\/\/exa.com.tr\/index.php\/wp-json\/wp\/v2\/pages\/139\/revisions"}],"predecessor-version":[{"id":859,"href":"https:\/\/exa.com.tr\/index.php\/wp-json\/wp\/v2\/pages\/139\/revisions\/859"}],"wp:attachment":[{"href":"https:\/\/exa.com.tr\/index.php\/wp-json\/wp\/v2\/media?parent=139"}],"curies":[{"name":"wp","href":"https:\/\/api.w.org\/{rel}","templated":true}]}}